{"id":4180,"date":"2023-01-03T10:31:32","date_gmt":"2023-01-03T09:31:32","guid":{"rendered":"https:\/\/gozerowaste.es\/recursos-podcasts\/"},"modified":"2025-10-31T14:27:40","modified_gmt":"2025-10-31T13:27:40","slug":"recursos-podcasts","status":"publish","type":"page","link":"https:\/\/gozerowaste.es\/ca\/recursos-podcasts\/","title":{"rendered":"Recursos-podcasts"},"content":{"rendered":"\t\t<div data-elementor-type=\"wp-page\" data-elementor-id=\"4180\" class=\"elementor elementor-4180 elementor-2005\" data-elementor-settings=\"{&quot;ha_cmc_init_switcher&quot;:&quot;no&quot;}\" data-elementor-post-type=\"page\">\n\t\t\t\t\t\t<section class=\"elementor-section elementor-top-section elementor-element elementor-element-4102e491 elementor-section-height-min-height elementor-section-items-stretch elementor-section-boxed elementor-section-height-default\" data-id=\"4102e491\" data-element_type=\"section\" data-e-type=\"section\" data-settings=\"{&quot;_ha_eqh_enable&quot;:false}\">\n\t\t\t\t\t\t<div class=\"elementor-container elementor-column-gap-default\">\n\t\t\t\t\t<div class=\"elementor-column elementor-col-100 elementor-top-column elementor-element elementor-element-91a8684\" data-id=\"91a8684\" data-element_type=\"column\" data-e-type=\"column\" data-settings=\"{&quot;background_background&quot;:&quot;classic&quot;}\">\n\t\t\t<div class=\"elementor-widget-wrap elementor-element-populated\">\n\t\t\t\t\t\t<div class=\"elementor-element elementor-element-56558c14 elementor-widget__width-auto elementor-widget elementor-widget-text-editor\" data-id=\"56558c14\" data-element_type=\"widget\" data-e-type=\"widget\" data-widget_type=\"text-editor.default\">\n\t\t\t\t<div class=\"elementor-widget-container\">\n\t\t\t\t\t\t\t\t\t<p>\ud83c\udf99<\/p>\t\t\t\t\t\t\t\t<\/div>\n\t\t\t\t<\/div>\n\t\t\t\t<div class=\"elementor-element elementor-element-bade226 elementor-widget elementor-widget-heading\" data-id=\"bade226\" data-element_type=\"widget\" data-e-type=\"widget\" data-widget_type=\"heading.default\">\n\t\t\t\t<div class=\"elementor-widget-container\">\n\t\t\t\t\t<h2 class=\"elementor-heading-title elementor-size-default\">Podcasts<\/h2>\t\t\t\t<\/div>\n\t\t\t\t<\/div>\n\t\t\t\t<div class=\"elementor-element elementor-element-45eb224e elementor-widget elementor-widget-text-editor\" data-id=\"45eb224e\" data-element_type=\"widget\" data-e-type=\"widget\" data-widget_type=\"text-editor.default\">\n\t\t\t\t<div class=\"elementor-widget-container\">\n\t\t\t\t\t\t\t\t\t<p>Col\u00b7lecci\u00f3 dels podcasts que coneixem en catal\u00e0, espanyol i angl\u00e8s sobre residus zero i economia circular. <\/p>\n\t\t\t\t\t\t\t\t<\/div>\n\t\t\t\t<\/div>\n\t\t\t\t\t<\/div>\n\t\t<\/div>\n\t\t\t\t\t<\/div>\n\t\t<\/section>\n\t\t\t\t<section class=\"elementor-section elementor-top-section elementor-element elementor-element-37b9ddf elementor-section-boxed elementor-section-height-default elementor-section-height-default\" data-id=\"37b9ddf\" data-element_type=\"section\" data-e-type=\"section\" data-settings=\"{&quot;_ha_eqh_enable&quot;:false}\">\n\t\t\t\t\t\t<div class=\"elementor-container elementor-column-gap-default\">\n\t\t\t\t\t<div class=\"elementor-column elementor-col-25 elementor-top-column elementor-element elementor-element-234d1cf9\" data-id=\"234d1cf9\" data-element_type=\"column\" data-e-type=\"column\">\n\t\t\t<div class=\"elementor-widget-wrap elementor-element-populated\">\n\t\t\t\t\t\t<div class=\"elementor-element elementor-element-664f9447 elementor-widget elementor-widget-image\" data-id=\"664f9447\" data-element_type=\"widget\" data-e-type=\"widget\" data-widget_type=\"image.default\">\n\t\t\t\t<div class=\"elementor-widget-container\">\n\t\t\t\t\t\t\t\t\t\t\t\t\t\t\t<img alt=\"\" fetchpriority=\"high\" decoding=\"async\" width=\"349\" height=\"483\" src=\"https:\/\/gozerowaste.es\/wp-content\/uploads\/2023\/01\/1.jpg\" class=\"attachment-full size-full wp-image-2046\" alt=\"\" srcset=\"https:\/\/gozerowaste.es\/wp-content\/uploads\/2023\/01\/1.jpg 349w, https:\/\/gozerowaste.es\/wp-content\/uploads\/2023\/01\/1-217x300.jpg 217w\" sizes=\"(max-width: 349px) 100vw, 349px\" \/>\t\t\t\t\t\t\t\t\t\t\t\t\t\t\t<\/div>\n\t\t\t\t<\/div>\n\t\t\t\t<div class=\"elementor-element elementor-element-1a794200 elementor-widget elementor-widget-heading\" data-id=\"1a794200\" data-element_type=\"widget\" data-e-type=\"widget\" data-widget_type=\"heading.default\">\n\t\t\t\t<div class=\"elementor-widget-container\">\n\t\t\t\t\t<h3 class=\"elementor-heading-title elementor-size-default\">Vivir Sin Pl\u00e1stico<\/h3>\t\t\t\t<\/div>\n\t\t\t\t<\/div>\n\t\t\t\t<div class=\"elementor-element elementor-element-59980e1f elementor-widget elementor-widget-text-editor\" data-id=\"59980e1f\" data-element_type=\"widget\" data-e-type=\"widget\" data-widget_type=\"text-editor.default\">\n\t\t\t\t<div class=\"elementor-widget-container\">\n\t\t\t\t\t\t\t\t\t<p><a href=\"https:\/\/vivirsinplastico.com\/category\/podcast\/\">Enlla\u00e7<\/a><\/p>\n\t\t\t\t\t\t\t\t<\/div>\n\t\t\t\t<\/div>\n\t\t\t\t<div class=\"elementor-element elementor-element-788dfaf9 elementor-widget elementor-widget-image\" data-id=\"788dfaf9\" data-element_type=\"widget\" data-e-type=\"widget\" data-widget_type=\"image.default\">\n\t\t\t\t<div class=\"elementor-widget-container\">\n\t\t\t\t\t\t\t\t\t\t\t\t\t\t\t<img alt=\"\" decoding=\"async\" width=\"349\" height=\"483\" src=\"https:\/\/gozerowaste.es\/wp-content\/uploads\/2023\/01\/10.png\" class=\"attachment-full size-full wp-image-2663\" alt=\"\" srcset=\"https:\/\/gozerowaste.es\/wp-content\/uploads\/2023\/01\/10.png 349w, https:\/\/gozerowaste.es\/wp-content\/uploads\/2023\/01\/10-217x300.png 217w\" sizes=\"(max-width: 349px) 100vw, 349px\" \/>\t\t\t\t\t\t\t\t\t\t\t\t\t\t\t<\/div>\n\t\t\t\t<\/div>\n\t\t\t\t<div class=\"elementor-element elementor-element-7029131 elementor-widget elementor-widget-heading\" data-id=\"7029131\" data-element_type=\"widget\" data-e-type=\"widget\" data-widget_type=\"heading.default\">\n\t\t\t\t<div class=\"elementor-widget-container\">\n\t\t\t\t\t<h3 class=\"elementor-heading-title elementor-size-default\">The podcast of plastic<\/h3>\t\t\t\t<\/div>\n\t\t\t\t<\/div>\n\t\t\t\t<div class=\"elementor-element elementor-element-5b4181b9 elementor-widget elementor-widget-text-editor\" data-id=\"5b4181b9\" data-element_type=\"widget\" data-e-type=\"widget\" data-widget_type=\"text-editor.default\">\n\t\t\t\t<div class=\"elementor-widget-container\">\n\t\t\t\t\t\t\t\t\t<p><a href=\"https:\/\/podcasts.apple.com\/us\/podcast\/the-podcast-of-plastic\/id1593140816\">Enlla\u00e7<\/a><\/p>\n\t\t\t\t\t\t\t\t<\/div>\n\t\t\t\t<\/div>\n\t\t\t\t\t<\/div>\n\t\t<\/div>\n\t\t\t\t<div class=\"elementor-column elementor-col-25 elementor-top-column elementor-element elementor-element-494954ce\" data-id=\"494954ce\" data-element_type=\"column\" data-e-type=\"column\">\n\t\t\t<div class=\"elementor-widget-wrap elementor-element-populated\">\n\t\t\t\t\t\t<div class=\"elementor-element elementor-element-657c58e0 elementor-widget elementor-widget-image\" data-id=\"657c58e0\" data-element_type=\"widget\" data-e-type=\"widget\" data-widget_type=\"image.default\">\n\t\t\t\t<div class=\"elementor-widget-container\">\n\t\t\t\t\t\t\t\t\t\t\t\t\t\t\t<img alt=\"\" decoding=\"async\" width=\"349\" height=\"483\" src=\"https:\/\/gozerowaste.es\/wp-content\/uploads\/2023\/01\/2.jpg\" class=\"attachment-full size-full wp-image-2049\" alt=\"\" srcset=\"https:\/\/gozerowaste.es\/wp-content\/uploads\/2023\/01\/2.jpg 349w, https:\/\/gozerowaste.es\/wp-content\/uploads\/2023\/01\/2-217x300.jpg 217w\" sizes=\"(max-width: 349px) 100vw, 349px\" \/>\t\t\t\t\t\t\t\t\t\t\t\t\t\t\t<\/div>\n\t\t\t\t<\/div>\n\t\t\t\t<div class=\"elementor-element elementor-element-56a5e3cb elementor-widget elementor-widget-heading\" data-id=\"56a5e3cb\" data-element_type=\"widget\" data-e-type=\"widget\" data-widget_type=\"heading.default\">\n\t\t\t\t<div class=\"elementor-widget-container\">\n\t\t\t\t\t<h3 class=\"elementor-heading-title elementor-size-default\">Rezero<\/h3>\t\t\t\t<\/div>\n\t\t\t\t<\/div>\n\t\t\t\t<div class=\"elementor-element elementor-element-6ad60de8 elementor-widget elementor-widget-text-editor\" data-id=\"6ad60de8\" data-element_type=\"widget\" data-e-type=\"widget\" data-widget_type=\"text-editor.default\">\n\t\t\t\t<div class=\"elementor-widget-container\">\n\t\t\t\t\t\t\t\t\t<p><a href=\"https:\/\/www.rezero.cat\/campanyes\/podcast-rezero\/\">Enlla\u00e7<\/a><\/p>\t\t\t\t\t\t\t\t<\/div>\n\t\t\t\t<\/div>\n\t\t\t\t<div class=\"elementor-element elementor-element-4e7f4fe7 elementor-widget elementor-widget-image\" data-id=\"4e7f4fe7\" data-element_type=\"widget\" data-e-type=\"widget\" data-widget_type=\"image.default\">\n\t\t\t\t<div class=\"elementor-widget-container\">\n\t\t\t\t\t\t\t\t\t\t\t\t\t\t\t<img alt=\"\" loading=\"lazy\" decoding=\"async\" width=\"349\" height=\"483\" src=\"https:\/\/gozerowaste.es\/wp-content\/uploads\/2023\/01\/50-1.png\" class=\"attachment-full size-full wp-image-2836\" alt=\"\" srcset=\"https:\/\/gozerowaste.es\/wp-content\/uploads\/2023\/01\/50-1.png 349w, https:\/\/gozerowaste.es\/wp-content\/uploads\/2023\/01\/50-1-217x300.png 217w\" sizes=\"(max-width: 349px) 100vw, 349px\" \/>\t\t\t\t\t\t\t\t\t\t\t\t\t\t\t<\/div>\n\t\t\t\t<\/div>\n\t\t\t\t<div class=\"elementor-element elementor-element-2fd734e3 elementor-widget elementor-widget-heading\" data-id=\"2fd734e3\" data-element_type=\"widget\" data-e-type=\"widget\" data-widget_type=\"heading.default\">\n\t\t\t\t<div class=\"elementor-widget-container\">\n\t\t\t\t\t<h3 class=\"elementor-heading-title elementor-size-default\">La vida en verde<\/h3>\t\t\t\t<\/div>\n\t\t\t\t<\/div>\n\t\t\t\t<div class=\"elementor-element elementor-element-2cd9116a elementor-widget elementor-widget-text-editor\" data-id=\"2cd9116a\" data-element_type=\"widget\" data-e-type=\"widget\" data-widget_type=\"text-editor.default\">\n\t\t\t\t<div class=\"elementor-widget-container\">\n\t\t\t\t\t\t\t\t\t<p><a href=\"https:\/\/www.rtve.es\/play\/audios\/vida-verde\/\">Enlla\u00e7<\/a><\/p>\n\t\t\t\t\t\t\t\t<\/div>\n\t\t\t\t<\/div>\n\t\t\t\t\t<\/div>\n\t\t<\/div>\n\t\t\t\t<div class=\"elementor-column elementor-col-25 elementor-top-column elementor-element elementor-element-67ba8554\" data-id=\"67ba8554\" data-element_type=\"column\" data-e-type=\"column\">\n\t\t\t<div class=\"elementor-widget-wrap elementor-element-populated\">\n\t\t\t\t\t\t<div class=\"elementor-element elementor-element-4d19d59a elementor-widget elementor-widget-image\" data-id=\"4d19d59a\" data-element_type=\"widget\" data-e-type=\"widget\" data-widget_type=\"image.default\">\n\t\t\t\t<div class=\"elementor-widget-container\">\n\t\t\t\t\t\t\t\t\t\t\t\t\t\t\t<img alt=\"\" loading=\"lazy\" decoding=\"async\" width=\"349\" height=\"483\" src=\"https:\/\/gozerowaste.es\/wp-content\/uploads\/2023\/01\/9.png\" class=\"attachment-full size-full wp-image-2660\" alt=\"\" srcset=\"https:\/\/gozerowaste.es\/wp-content\/uploads\/2023\/01\/9.png 349w, https:\/\/gozerowaste.es\/wp-content\/uploads\/2023\/01\/9-217x300.png 217w\" sizes=\"(max-width: 349px) 100vw, 349px\" \/>\t\t\t\t\t\t\t\t\t\t\t\t\t\t\t<\/div>\n\t\t\t\t<\/div>\n\t\t\t\t<div class=\"elementor-element elementor-element-7aa96851 elementor-widget elementor-widget-heading\" data-id=\"7aa96851\" data-element_type=\"widget\" data-e-type=\"widget\" data-widget_type=\"heading.default\">\n\t\t\t\t<div class=\"elementor-widget-container\">\n\t\t\t\t\t<h3 class=\"elementor-heading-title elementor-size-default\">People over plastic<\/h3>\t\t\t\t<\/div>\n\t\t\t\t<\/div>\n\t\t\t\t<div class=\"elementor-element elementor-element-763832b8 elementor-widget elementor-widget-text-editor\" data-id=\"763832b8\" data-element_type=\"widget\" data-e-type=\"widget\" data-widget_type=\"text-editor.default\">\n\t\t\t\t<div class=\"elementor-widget-container\">\n\t\t\t\t\t\t\t\t\t<p><a href=\"https:\/\/www.peopleoverplastic.co\/podcast\/\">Enlla\u00e7<\/a><\/p>\t\t\t\t\t\t\t\t<\/div>\n\t\t\t\t<\/div>\n\t\t\t\t<div class=\"elementor-element elementor-element-6307a82e elementor-widget elementor-widget-image\" data-id=\"6307a82e\" data-element_type=\"widget\" data-e-type=\"widget\" data-widget_type=\"image.default\">\n\t\t\t\t<div class=\"elementor-widget-container\">\n\t\t\t\t\t\t\t\t\t\t\t\t\t\t\t<img alt=\"\" loading=\"lazy\" decoding=\"async\" width=\"349\" height=\"483\" src=\"https:\/\/gozerowaste.es\/wp-content\/uploads\/2023\/01\/48.png\" class=\"attachment-full size-full wp-image-2830\" alt=\"\" srcset=\"https:\/\/gozerowaste.es\/wp-content\/uploads\/2023\/01\/48.png 349w, https:\/\/gozerowaste.es\/wp-content\/uploads\/2023\/01\/48-217x300.png 217w\" sizes=\"(max-width: 349px) 100vw, 349px\" \/>\t\t\t\t\t\t\t\t\t\t\t\t\t\t\t<\/div>\n\t\t\t\t<\/div>\n\t\t\t\t<div class=\"elementor-element elementor-element-3339b76 elementor-widget elementor-widget-heading\" data-id=\"3339b76\" data-element_type=\"widget\" data-e-type=\"widget\" data-widget_type=\"heading.default\">\n\t\t\t\t<div class=\"elementor-widget-container\">\n\t\t\t\t\t<h3 class=\"elementor-heading-title elementor-size-default\">La Ecologista Imperfecta<\/h3>\t\t\t\t<\/div>\n\t\t\t\t<\/div>\n\t\t\t\t<div class=\"elementor-element elementor-element-13f36008 elementor-widget elementor-widget-text-editor\" data-id=\"13f36008\" data-element_type=\"widget\" data-e-type=\"widget\" data-widget_type=\"text-editor.default\">\n\t\t\t\t<div class=\"elementor-widget-container\">\n\t\t\t\t\t\t\t\t\t<p><a href=\"https:\/\/www.aguasinplastico.com\/podcast-la-ecologista-imperfecta\/\">Enlla\u00e7<\/a><\/p>\n\t\t\t\t\t\t\t\t<\/div>\n\t\t\t\t<\/div>\n\t\t\t\t\t<\/div>\n\t\t<\/div>\n\t\t\t\t<div class=\"elementor-column elementor-col-25 elementor-top-column elementor-element elementor-element-7e3ad095\" data-id=\"7e3ad095\" data-element_type=\"column\" data-e-type=\"column\">\n\t\t\t<div class=\"elementor-widget-wrap elementor-element-populated\">\n\t\t\t\t\t\t<div class=\"elementor-element elementor-element-7ed16c98 elementor-widget elementor-widget-image\" data-id=\"7ed16c98\" data-element_type=\"widget\" data-e-type=\"widget\" data-widget_type=\"image.default\">\n\t\t\t\t<div class=\"elementor-widget-container\">\n\t\t\t\t\t\t\t\t\t\t\t\t\t\t\t<img alt=\"\" loading=\"lazy\" decoding=\"async\" width=\"349\" height=\"483\" src=\"https:\/\/gozerowaste.es\/wp-content\/uploads\/2023\/01\/49.png\" class=\"attachment-full size-full wp-image-2833\" alt=\"\" srcset=\"https:\/\/gozerowaste.es\/wp-content\/uploads\/2023\/01\/49.png 349w, https:\/\/gozerowaste.es\/wp-content\/uploads\/2023\/01\/49-217x300.png 217w\" sizes=\"(max-width: 349px) 100vw, 349px\" \/>\t\t\t\t\t\t\t\t\t\t\t\t\t\t\t<\/div>\n\t\t\t\t<\/div>\n\t\t\t\t<div class=\"elementor-element elementor-element-428ed0ea elementor-widget elementor-widget-heading\" data-id=\"428ed0ea\" data-element_type=\"widget\" data-e-type=\"widget\" data-widget_type=\"heading.default\">\n\t\t\t\t<div class=\"elementor-widget-container\">\n\t\t\t\t\t<h3 class=\"elementor-heading-title elementor-size-default\">EcoMinimal<\/h3>\t\t\t\t<\/div>\n\t\t\t\t<\/div>\n\t\t\t\t<div class=\"elementor-element elementor-element-6d423d3d elementor-widget elementor-widget-text-editor\" data-id=\"6d423d3d\" data-element_type=\"widget\" data-e-type=\"widget\" data-widget_type=\"text-editor.default\">\n\t\t\t\t<div class=\"elementor-widget-container\">\n\t\t\t\t\t\t\t\t\t<p><a href=\"https:\/\/www.ivoox.com\/podcast-ecominimal_sq_f1880948_1.html\">Enlla\u00e7<\/a><\/p>\n\t\t\t\t\t\t\t\t<\/div>\n\t\t\t\t<\/div>\n\t\t\t\t<div class=\"elementor-element elementor-element-2b26b7bb elementor-widget elementor-widget-image\" data-id=\"2b26b7bb\" data-element_type=\"widget\" data-e-type=\"widget\" data-widget_type=\"image.default\">\n\t\t\t\t<div class=\"elementor-widget-container\">\n\t\t\t\t\t\t\t\t\t\t\t\t\t\t\t<img alt=\"\" loading=\"lazy\" decoding=\"async\" width=\"349\" height=\"483\" src=\"https:\/\/gozerowaste.es\/wp-content\/uploads\/2023\/01\/51.png\" class=\"attachment-full size-full wp-image-2839\" alt=\"\" srcset=\"https:\/\/gozerowaste.es\/wp-content\/uploads\/2023\/01\/51.png 349w, https:\/\/gozerowaste.es\/wp-content\/uploads\/2023\/01\/51-217x300.png 217w\" sizes=\"(max-width: 349px) 100vw, 349px\" \/>\t\t\t\t\t\t\t\t\t\t\t\t\t\t\t<\/div>\n\t\t\t\t<\/div>\n\t\t\t\t<div class=\"elementor-element elementor-element-49f14404 elementor-widget elementor-widget-heading\" data-id=\"49f14404\" data-element_type=\"widget\" data-e-type=\"widget\" data-widget_type=\"heading.default\">\n\t\t\t\t<div class=\"elementor-widget-container\">\n\t\t\t\t\t<h3 class=\"elementor-heading-title elementor-size-default\">Somos Minimalismo<\/h3>\t\t\t\t<\/div>\n\t\t\t\t<\/div>\n\t\t\t\t<div class=\"elementor-element elementor-element-67e6c92d elementor-widget elementor-widget-text-editor\" data-id=\"67e6c92d\" data-element_type=\"widget\" data-e-type=\"widget\" data-widget_type=\"text-editor.default\">\n\t\t\t\t<div class=\"elementor-widget-container\">\n\t\t\t\t\t\t\t\t\t<p><a href=\"https:\/\/podcasts.apple.com\/es\/podcast\/somos-minimalismo\/id1584370083\">Enlla\u00e7<\/a><\/p>\n\t\t\t\t\t\t\t\t<\/div>\n\t\t\t\t<\/div>\n\t\t\t\t<div class=\"elementor-element elementor-element-76923396 elementor-widget elementor-widget-image\" data-id=\"76923396\" data-element_type=\"widget\" data-e-type=\"widget\" data-widget_type=\"image.default\">\n\t\t\t\t<div class=\"elementor-widget-container\">\n\t\t\t\t\t\t\t\t\t\t\t\t\t\t\t<img alt=\"\" loading=\"lazy\" decoding=\"async\" width=\"349\" height=\"483\" src=\"https:\/\/gozerowaste.es\/wp-content\/uploads\/2023\/01\/53-1.png\" class=\"attachment-full size-full wp-image-2845\" alt=\"\" srcset=\"https:\/\/gozerowaste.es\/wp-content\/uploads\/2023\/01\/53-1.png 349w, https:\/\/gozerowaste.es\/wp-content\/uploads\/2023\/01\/53-1-217x300.png 217w\" sizes=\"(max-width: 349px) 100vw, 349px\" \/>\t\t\t\t\t\t\t\t\t\t\t\t\t\t\t<\/div>\n\t\t\t\t<\/div>\n\t\t\t\t<div class=\"elementor-element elementor-element-7f527dbc elementor-widget elementor-widget-heading\" data-id=\"7f527dbc\" data-element_type=\"widget\" data-e-type=\"widget\" data-widget_type=\"heading.default\">\n\t\t\t\t<div class=\"elementor-widget-container\">\n\t\t\t\t\t<h3 class=\"elementor-heading-title elementor-size-default\">Reto Circulo Verde<\/h3>\t\t\t\t<\/div>\n\t\t\t\t<\/div>\n\t\t\t\t<div class=\"elementor-element elementor-element-3623a1fc elementor-widget elementor-widget-text-editor\" data-id=\"3623a1fc\" data-element_type=\"widget\" data-e-type=\"widget\" data-widget_type=\"text-editor.default\">\n\t\t\t\t<div class=\"elementor-widget-container\">\n\t\t\t\t\t\t\t\t\t<p><a href=\"#\">Enlla\u00e7<\/a><\/p>\n\t\t\t\t\t\t\t\t<\/div>\n\t\t\t\t<\/div>\n\t\t\t\t\t<\/div>\n\t\t<\/div>\n\t\t\t\t\t<\/div>\n\t\t<\/section>\n\t\t\t\t<\/div>\n\t\t","protected":false},"excerpt":{"rendered":"<p>\ud83c\udf99 Podcasts Col\u00b7lecci\u00f3 dels podcasts que coneixem en catal\u00e0, espanyol i angl\u00e8s sobre residus zero i economia circular. Vivir Sin Pl\u00e1stico Enlla\u00e7 The podcast of plastic Enlla\u00e7 Rezero Enlla\u00e7 La vida en verde Enlla\u00e7 People over plastic Enlla\u00e7 La Ecologista Imperfecta Enlla\u00e7 EcoMinimal Enlla\u00e7 Somos Minimalismo Enlla\u00e7 Reto Circulo Verde Enlla\u00e7<\/p>\n","protected":false},"author":3,"featured_media":0,"parent":0,"menu_order":0,"comment_status":"closed","ping_status":"closed","template":"","meta":{"_seopress_robots_primary_cat":"0","_seopress_titles_title":"","_seopress_titles_desc":"","_seopress_robots_index":"yes","inline_featured_image":false,"footnotes":""},"class_list":["post-4180","page","type-page","status-publish","hentry"],"_links":{"self":[{"href":"https:\/\/gozerowaste.es\/ca\/wp-json\/wp\/v2\/pages\/4180","targetHints":{"allow":["GET"]}}],"collection":[{"href":"https:\/\/gozerowaste.es\/ca\/wp-json\/wp\/v2\/pages"}],"about":[{"href":"https:\/\/gozerowaste.es\/ca\/wp-json\/wp\/v2\/types\/page"}],"author":[{"embeddable":true,"href":"https:\/\/gozerowaste.es\/ca\/wp-json\/wp\/v2\/users\/3"}],"replies":[{"embeddable":true,"href":"https:\/\/gozerowaste.es\/ca\/wp-json\/wp\/v2\/comments?post=4180"}],"version-history":[{"count":10,"href":"https:\/\/gozerowaste.es\/ca\/wp-json\/wp\/v2\/pages\/4180\/revisions"}],"predecessor-version":[{"id":20930,"href":"https:\/\/gozerowaste.es\/ca\/wp-json\/wp\/v2\/pages\/4180\/revisions\/20930"}],"wp:attachment":[{"href":"https:\/\/gozerowaste.es\/ca\/wp-json\/wp\/v2\/media?parent=4180"}],"curies":[{"name":"wp","href":"https:\/\/api.w.org\/{rel}","templated":true}]}}