{"id":4176,"date":"2023-01-22T16:32:43","date_gmt":"2023-01-22T15:32:43","guid":{"rendered":"https:\/\/gozerowaste.es\/recursos-documentals\/"},"modified":"2025-10-30T18:46:03","modified_gmt":"2025-10-30T17:46:03","slug":"recursos-documentals","status":"publish","type":"page","link":"https:\/\/gozerowaste.es\/ca\/recursos-documentals\/","title":{"rendered":"Recursos documentals"},"content":{"rendered":"\t\t<div data-elementor-type=\"wp-page\" data-elementor-id=\"4176\" class=\"elementor elementor-4176 elementor-2266\" data-elementor-settings=\"{&quot;ha_cmc_init_switcher&quot;:&quot;no&quot;}\" data-elementor-post-type=\"page\">\n\t\t\t\t\t\t<section class=\"elementor-section elementor-top-section elementor-element elementor-element-66c988dc elementor-section-height-min-height elementor-section-items-stretch elementor-section-boxed elementor-section-height-default\" data-id=\"66c988dc\" data-element_type=\"section\" data-e-type=\"section\" data-settings=\"{&quot;_ha_eqh_enable&quot;:false}\">\n\t\t\t\t\t\t<div class=\"elementor-container elementor-column-gap-default\">\n\t\t\t\t\t<div class=\"elementor-column elementor-col-100 elementor-top-column elementor-element elementor-element-1314aae5\" data-id=\"1314aae5\" data-element_type=\"column\" data-e-type=\"column\" data-settings=\"{&quot;background_background&quot;:&quot;classic&quot;}\">\n\t\t\t<div class=\"elementor-widget-wrap elementor-element-populated\">\n\t\t\t\t\t\t<div class=\"elementor-element elementor-element-7e79097 elementor-widget__width-auto emoji-badge elementor-widget elementor-widget-text-editor\" data-id=\"7e79097\" data-element_type=\"widget\" data-e-type=\"widget\" data-widget_type=\"text-editor.default\">\n\t\t\t\t<div class=\"elementor-widget-container\">\n\t\t\t\t\t\t\t\t\t<p>\ud83c\udfac<\/p>\t\t\t\t\t\t\t\t<\/div>\n\t\t\t\t<\/div>\n\t\t\t\t<div class=\"elementor-element elementor-element-7be5105e elementor-widget elementor-widget-heading\" data-id=\"7be5105e\" data-element_type=\"widget\" data-e-type=\"widget\" data-widget_type=\"heading.default\">\n\t\t\t\t<div class=\"elementor-widget-container\">\n\t\t\t\t\t<h2 class=\"elementor-heading-title elementor-size-default\">Documentals<\/h2>\t\t\t\t<\/div>\n\t\t\t\t<\/div>\n\t\t\t\t<div class=\"elementor-element elementor-element-564a8a31 elementor-widget elementor-widget-text-editor\" data-id=\"564a8a31\" data-element_type=\"widget\" data-e-type=\"widget\" data-widget_type=\"text-editor.default\">\n\t\t\t\t<div class=\"elementor-widget-container\">\n\t\t\t\t\t\t\t\t\t<p>Recopilaci\u00f3 dels documentals que coneixem en catal\u00e0, espanyol i angl\u00e8s sobre residu zero i economia circular.\u00a0<\/p>\t\t\t\t\t\t\t\t<\/div>\n\t\t\t\t<\/div>\n\t\t\t\t\t<\/div>\n\t\t<\/div>\n\t\t\t\t\t<\/div>\n\t\t<\/section>\n\t\t\t\t<section class=\"elementor-section elementor-top-section elementor-element elementor-element-64ce2f3c elementor-section-boxed elementor-section-height-default elementor-section-height-default\" data-id=\"64ce2f3c\" data-element_type=\"section\" data-e-type=\"section\" data-settings=\"{&quot;_ha_eqh_enable&quot;:false}\">\n\t\t\t\t\t\t<div class=\"elementor-container elementor-column-gap-default\">\n\t\t\t\t\t<div class=\"elementor-column elementor-col-25 elementor-top-column elementor-element elementor-element-3f459326\" data-id=\"3f459326\" data-element_type=\"column\" data-e-type=\"column\">\n\t\t\t<div class=\"elementor-widget-wrap elementor-element-populated\">\n\t\t\t\t\t\t<div class=\"elementor-element elementor-element-7c0d9744 elementor-widget elementor-widget-image\" data-id=\"7c0d9744\" data-element_type=\"widget\" data-e-type=\"widget\" data-widget_type=\"image.default\">\n\t\t\t\t<div class=\"elementor-widget-container\">\n\t\t\t\t\t\t\t\t\t\t\t\t\t\t\t<img alt=\"\" fetchpriority=\"high\" decoding=\"async\" width=\"349\" height=\"483\" src=\"https:\/\/gozerowaste.es\/wp-content\/uploads\/2023\/01\/8.png\" class=\"attachment-full size-full wp-image-2657\" alt=\"\" srcset=\"https:\/\/gozerowaste.es\/wp-content\/uploads\/2023\/01\/8.png 349w, https:\/\/gozerowaste.es\/wp-content\/uploads\/2023\/01\/8-217x300.png 217w\" sizes=\"(max-width: 349px) 100vw, 349px\" \/>\t\t\t\t\t\t\t\t\t\t\t\t\t\t\t<\/div>\n\t\t\t\t<\/div>\n\t\t\t\t<div class=\"elementor-element elementor-element-1b4411 elementor-widget elementor-widget-heading\" data-id=\"1b4411\" data-element_type=\"widget\" data-e-type=\"widget\" data-widget_type=\"heading.default\">\n\t\t\t\t<div class=\"elementor-widget-container\">\n\t\t\t\t\t<h3 class=\"elementor-heading-title elementor-size-default\">A Plastic Ocean<\/h3>\t\t\t\t<\/div>\n\t\t\t\t<\/div>\n\t\t\t\t<div class=\"elementor-element elementor-element-5a7fd35b elementor-widget elementor-widget-text-editor\" data-id=\"5a7fd35b\" data-element_type=\"widget\" data-e-type=\"widget\" data-widget_type=\"text-editor.default\">\n\t\t\t\t<div class=\"elementor-widget-container\">\n\t\t\t\t\t\t\t\t\t<p><a href=\"https:\/\/plasticoceans.org\/about-a-plastic-ocean\/\">Enlla\u00e7<\/a><\/p>\n\t\t\t\t\t\t\t\t<\/div>\n\t\t\t\t<\/div>\n\t\t\t\t<div class=\"elementor-element elementor-element-22256a08 elementor-widget elementor-widget-image\" data-id=\"22256a08\" data-element_type=\"widget\" data-e-type=\"widget\" data-widget_type=\"image.default\">\n\t\t\t\t<div class=\"elementor-widget-container\">\n\t\t\t\t\t\t\t\t\t\t\t\t\t\t\t<img alt=\"\" decoding=\"async\" width=\"349\" height=\"483\" src=\"https:\/\/gozerowaste.es\/wp-content\/uploads\/2023\/01\/17.png\" class=\"attachment-full size-full wp-image-2705\" alt=\"\" srcset=\"https:\/\/gozerowaste.es\/wp-content\/uploads\/2023\/01\/17.png 349w, https:\/\/gozerowaste.es\/wp-content\/uploads\/2023\/01\/17-217x300.png 217w\" sizes=\"(max-width: 349px) 100vw, 349px\" \/>\t\t\t\t\t\t\t\t\t\t\t\t\t\t\t<\/div>\n\t\t\t\t<\/div>\n\t\t\t\t<div class=\"elementor-element elementor-element-6b47bf8 elementor-widget elementor-widget-heading\" data-id=\"6b47bf8\" data-element_type=\"widget\" data-e-type=\"widget\" data-widget_type=\"heading.default\">\n\t\t\t\t<div class=\"elementor-widget-container\">\n\t\t\t\t\t<h3 class=\"elementor-heading-title elementor-size-default\">Ma\u00f1ana<\/h3>\t\t\t\t<\/div>\n\t\t\t\t<\/div>\n\t\t\t\t<div class=\"elementor-element elementor-element-43f7c7c9 elementor-widget elementor-widget-text-editor\" data-id=\"43f7c7c9\" data-element_type=\"widget\" data-e-type=\"widget\" data-widget_type=\"text-editor.default\">\n\t\t\t\t<div class=\"elementor-widget-container\">\n\t\t\t\t\t\t\t\t\t<p><a href=\"https:\/\/www.filmin.es\/pelicula\/manana\">Enlla\u00e7<\/a><\/p>\n\t\t\t\t\t\t\t\t<\/div>\n\t\t\t\t<\/div>\n\t\t\t\t\t<\/div>\n\t\t<\/div>\n\t\t\t\t<div class=\"elementor-column elementor-col-25 elementor-top-column elementor-element elementor-element-3a85d75c\" data-id=\"3a85d75c\" data-element_type=\"column\" data-e-type=\"column\">\n\t\t\t<div class=\"elementor-widget-wrap elementor-element-populated\">\n\t\t\t\t\t\t<div class=\"elementor-element elementor-element-687bb72 elementor-widget elementor-widget-image\" data-id=\"687bb72\" data-element_type=\"widget\" data-e-type=\"widget\" data-widget_type=\"image.default\">\n\t\t\t\t<div class=\"elementor-widget-container\">\n\t\t\t\t\t\t\t\t\t\t\t\t\t\t\t<img alt=\"\" decoding=\"async\" width=\"349\" height=\"483\" src=\"https:\/\/gozerowaste.es\/wp-content\/uploads\/2023\/01\/7-1.png\" class=\"attachment-full size-full wp-image-2654\" alt=\"\" srcset=\"https:\/\/gozerowaste.es\/wp-content\/uploads\/2023\/01\/7-1.png 349w, https:\/\/gozerowaste.es\/wp-content\/uploads\/2023\/01\/7-1-217x300.png 217w\" sizes=\"(max-width: 349px) 100vw, 349px\" \/>\t\t\t\t\t\t\t\t\t\t\t\t\t\t\t<\/div>\n\t\t\t\t<\/div>\n\t\t\t\t<div class=\"elementor-element elementor-element-3bdb875a elementor-widget elementor-widget-heading\" data-id=\"3bdb875a\" data-element_type=\"widget\" data-e-type=\"widget\" data-widget_type=\"heading.default\">\n\t\t\t\t<div class=\"elementor-widget-container\">\n\t\t\t\t\t<h3 class=\"elementor-heading-title elementor-size-default\">The Story of Plastic<\/h3>\t\t\t\t<\/div>\n\t\t\t\t<\/div>\n\t\t\t\t<div class=\"elementor-element elementor-element-6b2af3a4 elementor-widget elementor-widget-text-editor\" data-id=\"6b2af3a4\" data-element_type=\"widget\" data-e-type=\"widget\" data-widget_type=\"text-editor.default\">\n\t\t\t\t<div class=\"elementor-widget-container\">\n\t\t\t\t\t\t\t\t\t<p><a href=\"https:\/\/www.storyofstuff.org\/movies\/the-story-of-plastic-documentary-film\/\">Enlla\u00e7<\/a><\/p>\n\t\t\t\t\t\t\t\t<\/div>\n\t\t\t\t<\/div>\n\t\t\t\t<div class=\"elementor-element elementor-element-4faa4ae6 elementor-widget elementor-widget-image\" data-id=\"4faa4ae6\" data-element_type=\"widget\" data-e-type=\"widget\" data-widget_type=\"image.default\">\n\t\t\t\t<div class=\"elementor-widget-container\">\n\t\t\t\t\t\t\t\t\t\t\t\t\t\t\t<img alt=\"\" loading=\"lazy\" decoding=\"async\" width=\"349\" height=\"483\" src=\"https:\/\/gozerowaste.es\/wp-content\/uploads\/2023\/01\/19.png\" class=\"attachment-full size-full wp-image-2711\" alt=\"\" srcset=\"https:\/\/gozerowaste.es\/wp-content\/uploads\/2023\/01\/19.png 349w, https:\/\/gozerowaste.es\/wp-content\/uploads\/2023\/01\/19-217x300.png 217w\" sizes=\"(max-width: 349px) 100vw, 349px\" \/>\t\t\t\t\t\t\t\t\t\t\t\t\t\t\t<\/div>\n\t\t\t\t<\/div>\n\t\t\t\t<div class=\"elementor-element elementor-element-75d665cf elementor-widget elementor-widget-heading\" data-id=\"75d665cf\" data-element_type=\"widget\" data-e-type=\"widget\" data-widget_type=\"heading.default\">\n\t\t\t\t<div class=\"elementor-widget-container\">\n\t\t\t\t\t<h3 class=\"elementor-heading-title elementor-size-default\">Garbage Warrior<\/h3>\t\t\t\t<\/div>\n\t\t\t\t<\/div>\n\t\t\t\t<div class=\"elementor-element elementor-element-398c40f3 elementor-widget elementor-widget-text-editor\" data-id=\"398c40f3\" data-element_type=\"widget\" data-e-type=\"widget\" data-widget_type=\"text-editor.default\">\n\t\t\t\t<div class=\"elementor-widget-container\">\n\t\t\t\t\t\t\t\t\t<p><a href=\"http:\/\/www.garbagewarrior.com\/\">Enlla\u00e7<\/a><\/p>\n\t\t\t\t\t\t\t\t<\/div>\n\t\t\t\t<\/div>\n\t\t\t\t\t<\/div>\n\t\t<\/div>\n\t\t\t\t<div class=\"elementor-column elementor-col-25 elementor-top-column elementor-element elementor-element-120feaf5\" data-id=\"120feaf5\" data-element_type=\"column\" data-e-type=\"column\">\n\t\t\t<div class=\"elementor-widget-wrap elementor-element-populated\">\n\t\t\t\t\t\t<div class=\"elementor-element elementor-element-44c451d5 elementor-widget elementor-widget-image\" data-id=\"44c451d5\" data-element_type=\"widget\" data-e-type=\"widget\" data-widget_type=\"image.default\">\n\t\t\t\t<div class=\"elementor-widget-container\">\n\t\t\t\t\t\t\t\t\t\t\t\t\t\t\t<img alt=\"\" loading=\"lazy\" decoding=\"async\" width=\"349\" height=\"483\" src=\"https:\/\/gozerowaste.es\/wp-content\/uploads\/2023\/01\/16.png\" class=\"attachment-full size-full wp-image-2702\" alt=\"\" srcset=\"https:\/\/gozerowaste.es\/wp-content\/uploads\/2023\/01\/16.png 349w, https:\/\/gozerowaste.es\/wp-content\/uploads\/2023\/01\/16-217x300.png 217w\" sizes=\"(max-width: 349px) 100vw, 349px\" \/>\t\t\t\t\t\t\t\t\t\t\t\t\t\t\t<\/div>\n\t\t\t\t<\/div>\n\t\t\t\t<div class=\"elementor-element elementor-element-76eece4f elementor-widget elementor-widget-heading\" data-id=\"76eece4f\" data-element_type=\"widget\" data-e-type=\"widget\" data-widget_type=\"heading.default\">\n\t\t\t\t<div class=\"elementor-widget-container\">\n\t\t\t\t\t<h3 class=\"elementor-heading-title elementor-size-default\">Plastificats<\/h3>\t\t\t\t<\/div>\n\t\t\t\t<\/div>\n\t\t\t\t<div class=\"elementor-element elementor-element-a2a952b elementor-widget elementor-widget-text-editor\" data-id=\"a2a952b\" data-element_type=\"widget\" data-e-type=\"widget\" data-widget_type=\"text-editor.default\">\n\t\t\t\t<div class=\"elementor-widget-container\">\n\t\t\t\t\t\t\t\t\t<p><a href=\"https:\/\/www.ccma.cat\/3cat\/coleccio\/14570\/\">Enlla\u00e7<\/a><\/p>\t\t\t\t\t\t\t\t<\/div>\n\t\t\t\t<\/div>\n\t\t\t\t<div class=\"elementor-element elementor-element-66b26010 elementor-widget elementor-widget-image\" data-id=\"66b26010\" data-element_type=\"widget\" data-e-type=\"widget\" data-widget_type=\"image.default\">\n\t\t\t\t<div class=\"elementor-widget-container\">\n\t\t\t\t\t\t\t\t\t\t\t\t\t\t\t<img alt=\"\" loading=\"lazy\" decoding=\"async\" width=\"349\" height=\"483\" src=\"https:\/\/gozerowaste.es\/wp-content\/uploads\/2023\/01\/20.png\" class=\"attachment-full size-full wp-image-2721\" alt=\"\" srcset=\"https:\/\/gozerowaste.es\/wp-content\/uploads\/2023\/01\/20.png 349w, https:\/\/gozerowaste.es\/wp-content\/uploads\/2023\/01\/20-217x300.png 217w\" sizes=\"(max-width: 349px) 100vw, 349px\" \/>\t\t\t\t\t\t\t\t\t\t\t\t\t\t\t<\/div>\n\t\t\t\t<\/div>\n\t\t\t\t<div class=\"elementor-element elementor-element-4d3847 elementor-widget elementor-widget-heading\" data-id=\"4d3847\" data-element_type=\"widget\" data-e-type=\"widget\" data-widget_type=\"heading.default\">\n\t\t\t\t<div class=\"elementor-widget-container\">\n\t\t\t\t\t<h3 class=\"elementor-heading-title elementor-size-default\">Waste Land<\/h3>\t\t\t\t<\/div>\n\t\t\t\t<\/div>\n\t\t\t\t<div class=\"elementor-element elementor-element-61da933d elementor-widget elementor-widget-text-editor\" data-id=\"61da933d\" data-element_type=\"widget\" data-e-type=\"widget\" data-widget_type=\"text-editor.default\">\n\t\t\t\t<div class=\"elementor-widget-container\">\n\t\t\t\t\t\t\t\t\t<p><a href=\"https:\/\/www.wastelandmovie.com\/\">Enlla\u00e7<\/a><\/p>\n\t\t\t\t\t\t\t\t<\/div>\n\t\t\t\t<\/div>\n\t\t\t\t\t<\/div>\n\t\t<\/div>\n\t\t\t\t<div class=\"elementor-column elementor-col-25 elementor-top-column elementor-element elementor-element-f1b3e42\" data-id=\"f1b3e42\" data-element_type=\"column\" data-e-type=\"column\">\n\t\t\t<div class=\"elementor-widget-wrap elementor-element-populated\">\n\t\t\t\t\t\t<div class=\"elementor-element elementor-element-3b104a8e elementor-widget elementor-widget-image\" data-id=\"3b104a8e\" data-element_type=\"widget\" data-e-type=\"widget\" data-widget_type=\"image.default\">\n\t\t\t\t<div class=\"elementor-widget-container\">\n\t\t\t\t\t\t\t\t\t\t\t\t\t\t\t<img alt=\"\" loading=\"lazy\" decoding=\"async\" width=\"349\" height=\"483\" src=\"https:\/\/gozerowaste.es\/wp-content\/uploads\/2023\/01\/18.png\" class=\"attachment-full size-full wp-image-2708\" alt=\"\" srcset=\"https:\/\/gozerowaste.es\/wp-content\/uploads\/2023\/01\/18.png 349w, https:\/\/gozerowaste.es\/wp-content\/uploads\/2023\/01\/18-217x300.png 217w\" sizes=\"(max-width: 349px) 100vw, 349px\" \/>\t\t\t\t\t\t\t\t\t\t\t\t\t\t\t<\/div>\n\t\t\t\t<\/div>\n\t\t\t\t<div class=\"elementor-element elementor-element-3185def4 elementor-widget elementor-widget-heading\" data-id=\"3185def4\" data-element_type=\"widget\" data-e-type=\"widget\" data-widget_type=\"heading.default\">\n\t\t\t\t<div class=\"elementor-widget-container\">\n\t\t\t\t\t<h3 class=\"elementor-heading-title elementor-size-default\">Comprar Tirar Comprar<\/h3>\t\t\t\t<\/div>\n\t\t\t\t<\/div>\n\t\t\t\t<div class=\"elementor-element elementor-element-55a85ff elementor-widget elementor-widget-text-editor\" data-id=\"55a85ff\" data-element_type=\"widget\" data-e-type=\"widget\" data-widget_type=\"text-editor.default\">\n\t\t\t\t<div class=\"elementor-widget-container\">\n\t\t\t\t\t\t\t\t\t<p><a href=\"https:\/\/www.rtve.es\/television\/documentales\/comprar-tirar-comprar\/\">Enlla\u00e7<\/a><\/p>\n\t\t\t\t\t\t\t\t<\/div>\n\t\t\t\t<\/div>\n\t\t\t\t<div class=\"elementor-element elementor-element-7aaf8a25 elementor-widget elementor-widget-image\" data-id=\"7aaf8a25\" data-element_type=\"widget\" data-e-type=\"widget\" data-widget_type=\"image.default\">\n\t\t\t\t<div class=\"elementor-widget-container\">\n\t\t\t\t\t\t\t\t\t\t\t\t\t\t\t<img alt=\"\" loading=\"lazy\" decoding=\"async\" width=\"349\" height=\"483\" src=\"https:\/\/gozerowaste.es\/wp-content\/uploads\/2023\/01\/21.png\" class=\"attachment-full size-full wp-image-2724\" alt=\"\" srcset=\"https:\/\/gozerowaste.es\/wp-content\/uploads\/2023\/01\/21.png 349w, https:\/\/gozerowaste.es\/wp-content\/uploads\/2023\/01\/21-217x300.png 217w\" sizes=\"(max-width: 349px) 100vw, 349px\" \/>\t\t\t\t\t\t\t\t\t\t\t\t\t\t\t<\/div>\n\t\t\t\t<\/div>\n\t\t\t\t<div class=\"elementor-element elementor-element-79d18322 elementor-widget elementor-widget-heading\" data-id=\"79d18322\" data-element_type=\"widget\" data-e-type=\"widget\" data-widget_type=\"heading.default\">\n\t\t\t\t<div class=\"elementor-widget-container\">\n\t\t\t\t\t<h3 class=\"elementor-heading-title elementor-size-default\">Plastic Planet<\/h3>\t\t\t\t<\/div>\n\t\t\t\t<\/div>\n\t\t\t\t<div class=\"elementor-element elementor-element-5589483f elementor-widget elementor-widget-text-editor\" data-id=\"5589483f\" data-element_type=\"widget\" data-e-type=\"widget\" data-widget_type=\"text-editor.default\">\n\t\t\t\t<div class=\"elementor-widget-container\">\n\t\t\t\t\t\t\t\t\t<p><a href=\"https:\/\/aplasticplanet.com\/\">Enlla\u00e7<\/a><\/p>\n\t\t\t\t\t\t\t\t<\/div>\n\t\t\t\t<\/div>\n\t\t\t\t<div class=\"elementor-element elementor-element-313df826 elementor-widget elementor-widget-image\" data-id=\"313df826\" data-element_type=\"widget\" data-e-type=\"widget\" data-widget_type=\"image.default\">\n\t\t\t\t<div class=\"elementor-widget-container\">\n\t\t\t\t\t\t\t\t\t\t\t\t\t\t\t<img alt=\"\" loading=\"lazy\" decoding=\"async\" width=\"349\" height=\"483\" src=\"https:\/\/gozerowaste.es\/wp-content\/uploads\/2023\/01\/Closing.png\" class=\"attachment-full size-full wp-image-2727\" alt=\"\" srcset=\"https:\/\/gozerowaste.es\/wp-content\/uploads\/2023\/01\/Closing.png 349w, https:\/\/gozerowaste.es\/wp-content\/uploads\/2023\/01\/Closing-217x300.png 217w\" sizes=\"(max-width: 349px) 100vw, 349px\" \/>\t\t\t\t\t\t\t\t\t\t\t\t\t\t\t<\/div>\n\t\t\t\t<\/div>\n\t\t\t\t<div class=\"elementor-element elementor-element-5ad88739 elementor-widget elementor-widget-heading\" data-id=\"5ad88739\" data-element_type=\"widget\" data-e-type=\"widget\" data-widget_type=\"heading.default\">\n\t\t\t\t<div class=\"elementor-widget-container\">\n\t\t\t\t\t<h3 class=\"elementor-heading-title elementor-size-default\">Closing The Loop<\/h3>\t\t\t\t<\/div>\n\t\t\t\t<\/div>\n\t\t\t\t<div class=\"elementor-element elementor-element-64a997ab elementor-widget elementor-widget-text-editor\" data-id=\"64a997ab\" data-element_type=\"widget\" data-e-type=\"widget\" data-widget_type=\"text-editor.default\">\n\t\t\t\t<div class=\"elementor-widget-container\">\n\t\t\t\t\t\t\t\t\t<p><a href=\"https:\/\/www.closingtheloopfilm.com\/\">Enlla\u00e7<\/a><\/p>\n\t\t\t\t\t\t\t\t<\/div>\n\t\t\t\t<\/div>\n\t\t\t\t\t<\/div>\n\t\t<\/div>\n\t\t\t\t\t<\/div>\n\t\t<\/section>\n\t\t\t\t<\/div>\n\t\t","protected":false},"excerpt":{"rendered":"<p>Recursos Recopilem tota la informaci\u00f3 que ens agrada i que ens sembla interessant del m\u00f3n residu zero i l&#8217;economia circular Categories Libros Podcasts Charlas Documentales Eventos Webs Apps ???? Documentals Col\u00b7lecci\u00f3 dels documentals que coneixem en catal\u00e0, espanyol i angl\u00e8s en residus zero i economia circular.&nbsp; A Plastic Ocean Enlla\u00e7 Ma\u00f1ana Enlla\u00e7 The Story of [&hellip;]<\/p>\n","protected":false},"author":3,"featured_media":0,"parent":0,"menu_order":0,"comment_status":"closed","ping_status":"closed","template":"","meta":{"_seopress_robots_primary_cat":"0","_seopress_titles_title":"","_seopress_titles_desc":"Recursos documentals sobre Economia Circular i Residu Zero: Troba guies, informes, v\u00eddeos i altres documents essencials per al teu cam\u00ed cap a la sostenibilitat.","_seopress_robots_index":"yes","inline_featured_image":false,"footnotes":""},"class_list":["post-4176","page","type-page","status-publish","hentry"],"_links":{"self":[{"href":"https:\/\/gozerowaste.es\/ca\/wp-json\/wp\/v2\/pages\/4176","targetHints":{"allow":["GET"]}}],"collection":[{"href":"https:\/\/gozerowaste.es\/ca\/wp-json\/wp\/v2\/pages"}],"about":[{"href":"https:\/\/gozerowaste.es\/ca\/wp-json\/wp\/v2\/types\/page"}],"author":[{"embeddable":true,"href":"https:\/\/gozerowaste.es\/ca\/wp-json\/wp\/v2\/users\/3"}],"replies":[{"embeddable":true,"href":"https:\/\/gozerowaste.es\/ca\/wp-json\/wp\/v2\/comments?post=4176"}],"version-history":[{"count":17,"href":"https:\/\/gozerowaste.es\/ca\/wp-json\/wp\/v2\/pages\/4176\/revisions"}],"predecessor-version":[{"id":20851,"href":"https:\/\/gozerowaste.es\/ca\/wp-json\/wp\/v2\/pages\/4176\/revisions\/20851"}],"wp:attachment":[{"href":"https:\/\/gozerowaste.es\/ca\/wp-json\/wp\/v2\/media?parent=4176"}],"curies":[{"name":"wp","href":"https:\/\/api.w.org\/{rel}","templated":true}]}}