{"id":4161,"date":"2022-11-29T09:49:14","date_gmt":"2022-11-29T08:49:14","guid":{"rendered":"https:\/\/gozerowaste.es\/recursos-llibres\/"},"modified":"2025-10-30T09:47:59","modified_gmt":"2025-10-30T08:47:59","slug":"recursos-llibres","status":"publish","type":"page","link":"https:\/\/gozerowaste.es\/ca\/recursos-llibres\/","title":{"rendered":"Recursos &#8211; Llibres"},"content":{"rendered":"\t\t<div data-elementor-type=\"wp-post\" data-elementor-id=\"4161\" class=\"elementor elementor-4161 elementor-1081\" data-elementor-settings=\"{&quot;ha_cmc_init_switcher&quot;:&quot;no&quot;}\" data-elementor-post-type=\"page\">\n\t\t\t\t\t\t<section class=\"elementor-section elementor-top-section elementor-element elementor-element-431d484 elementor-section-height-min-height elementor-section-items-stretch elementor-section-boxed elementor-section-height-default\" data-id=\"431d484\" data-element_type=\"section\" data-e-type=\"section\" data-settings=\"{&quot;_ha_eqh_enable&quot;:false}\">\n\t\t\t\t\t\t<div class=\"elementor-container elementor-column-gap-default\">\n\t\t\t\t\t<div class=\"elementor-column elementor-col-100 elementor-top-column elementor-element elementor-element-957c021\" data-id=\"957c021\" data-element_type=\"column\" data-e-type=\"column\" data-settings=\"{&quot;background_background&quot;:&quot;classic&quot;}\">\n\t\t\t<div class=\"elementor-widget-wrap elementor-element-populated\">\n\t\t\t\t\t\t<div class=\"elementor-element elementor-element-ca500a2 elementor-widget__width-auto emoji-badge elementor-widget elementor-widget-text-editor\" data-id=\"ca500a2\" data-element_type=\"widget\" data-e-type=\"widget\" data-widget_type=\"text-editor.default\">\n\t\t\t\t<div class=\"elementor-widget-container\">\n\t\t\t\t\t\t\t\t\t<p>\ud83d\udcda<\/p>\n\t\t\t\t\t\t\t\t<\/div>\n\t\t\t\t<\/div>\n\t\t\t\t<div class=\"elementor-element elementor-element-9e9e1f8 elementor-widget elementor-widget-heading\" data-id=\"9e9e1f8\" data-element_type=\"widget\" data-e-type=\"widget\" data-widget_type=\"heading.default\">\n\t\t\t\t<div class=\"elementor-widget-container\">\n\t\t\t\t\t<h2 class=\"elementor-heading-title elementor-size-default\">Llibres<\/h2>\t\t\t\t<\/div>\n\t\t\t\t<\/div>\n\t\t\t\t<div class=\"elementor-element elementor-element-4632d82 elementor-widget elementor-widget-text-editor\" data-id=\"4632d82\" data-element_type=\"widget\" data-e-type=\"widget\" data-widget_type=\"text-editor.default\">\n\t\t\t\t<div class=\"elementor-widget-container\">\n\t\t\t\t\t\t\t\t\t<p>Col\u00b7lecci\u00f3 dels llibres que coneixem en catal\u00e0, espanyol i angl\u00e8s sobre residu zero i economia circular.&nbsp;<\/p>\n\t\t\t\t\t\t\t\t<\/div>\n\t\t\t\t<\/div>\n\t\t\t\t\t<\/div>\n\t\t<\/div>\n\t\t\t\t\t<\/div>\n\t\t<\/section>\n\t\t\t\t<section class=\"elementor-section elementor-top-section elementor-element elementor-element-10aa612 elementor-section-boxed elementor-section-height-default elementor-section-height-default\" data-id=\"10aa612\" data-element_type=\"section\" data-e-type=\"section\" data-settings=\"{&quot;_ha_eqh_enable&quot;:false}\">\n\t\t\t\t\t\t<div class=\"elementor-container elementor-column-gap-default\">\n\t\t\t\t\t<div class=\"elementor-column elementor-col-25 elementor-top-column elementor-element elementor-element-26d96e1\" data-id=\"26d96e1\" data-element_type=\"column\" data-e-type=\"column\">\n\t\t\t<div class=\"elementor-widget-wrap elementor-element-populated\">\n\t\t\t\t\t\t<div class=\"elementor-element elementor-element-260c9cb elementor-widget elementor-widget-image\" data-id=\"260c9cb\" data-element_type=\"widget\" data-e-type=\"widget\" data-widget_type=\"image.default\">\n\t\t\t\t<div class=\"elementor-widget-container\">\n\t\t\t\t\t\t\t\t\t\t\t\t\t\t\t<img alt=\"\" fetchpriority=\"high\" decoding=\"async\" width=\"349\" height=\"483\" src=\"https:\/\/gozerowaste.es\/wp-content\/uploads\/2023\/01\/37.png\" class=\"attachment-full size-full wp-image-2781\" alt=\"\" srcset=\"https:\/\/gozerowaste.es\/wp-content\/uploads\/2023\/01\/37.png 349w, https:\/\/gozerowaste.es\/wp-content\/uploads\/2023\/01\/37-217x300.png 217w\" sizes=\"(max-width: 349px) 100vw, 349px\" \/>\t\t\t\t\t\t\t\t\t\t\t\t\t\t\t<\/div>\n\t\t\t\t<\/div>\n\t\t\t\t<div class=\"elementor-element elementor-element-0154d6e elementor-widget elementor-widget-heading\" data-id=\"0154d6e\" data-element_type=\"widget\" data-e-type=\"widget\" data-widget_type=\"heading.default\">\n\t\t\t\t<div class=\"elementor-widget-container\">\n\t\t\t\t\t<h3 class=\"elementor-heading-title elementor-size-default\">Zero Waste Home<\/h3>\t\t\t\t<\/div>\n\t\t\t\t<\/div>\n\t\t\t\t<div class=\"elementor-element elementor-element-30d11cf elementor-widget elementor-widget-text-editor\" data-id=\"30d11cf\" data-element_type=\"widget\" data-e-type=\"widget\" data-widget_type=\"text-editor.default\">\n\t\t\t\t<div class=\"elementor-widget-container\">\n\t\t\t\t\t\t\t\t\t<p><a href=\"https:\/\/vivirsinplastico.com\/hemos-publicado-un-libro\/\" rel=\"nofollow\">Enlla\u00e7<\/a><\/p>\t\t\t\t\t\t\t\t<\/div>\n\t\t\t\t<\/div>\n\t\t\t\t<div class=\"elementor-element elementor-element-5a7078e elementor-widget elementor-widget-spacer\" data-id=\"5a7078e\" data-element_type=\"widget\" data-e-type=\"widget\" data-widget_type=\"spacer.default\">\n\t\t\t\t<div class=\"elementor-widget-container\">\n\t\t\t\t\t\t\t<div class=\"elementor-spacer\">\n\t\t\t<div class=\"elementor-spacer-inner\"><\/div>\n\t\t<\/div>\n\t\t\t\t\t\t<\/div>\n\t\t\t\t<\/div>\n\t\t\t\t<div class=\"elementor-element elementor-element-34f10c1 elementor-widget elementor-widget-image\" data-id=\"34f10c1\" data-element_type=\"widget\" data-e-type=\"widget\" data-widget_type=\"image.default\">\n\t\t\t\t<div class=\"elementor-widget-container\">\n\t\t\t\t\t\t\t\t\t\t\t\t\t\t\t<img alt=\"\" decoding=\"async\" width=\"349\" height=\"483\" src=\"https:\/\/gozerowaste.es\/wp-content\/uploads\/2023\/01\/42.png\" class=\"attachment-full size-full wp-image-2796\" alt=\"\" srcset=\"https:\/\/gozerowaste.es\/wp-content\/uploads\/2023\/01\/42.png 349w, https:\/\/gozerowaste.es\/wp-content\/uploads\/2023\/01\/42-217x300.png 217w\" sizes=\"(max-width: 349px) 100vw, 349px\" \/>\t\t\t\t\t\t\t\t\t\t\t\t\t\t\t<\/div>\n\t\t\t\t<\/div>\n\t\t\t\t<div class=\"elementor-element elementor-element-1e89175 elementor-widget elementor-widget-heading\" data-id=\"1e89175\" data-element_type=\"widget\" data-e-type=\"widget\" data-widget_type=\"heading.default\">\n\t\t\t\t<div class=\"elementor-widget-container\">\n\t\t\t\t\t<h3 class=\"elementor-heading-title elementor-size-default\">Residuo Cero<\/h3>\t\t\t\t<\/div>\n\t\t\t\t<\/div>\n\t\t\t\t<div class=\"elementor-element elementor-element-6f8cc6d elementor-widget elementor-widget-text-editor\" data-id=\"6f8cc6d\" data-element_type=\"widget\" data-e-type=\"widget\" data-widget_type=\"text-editor.default\">\n\t\t\t\t<div class=\"elementor-widget-container\">\n\t\t\t\t\t\t\t\t\t<a href=\"http:\/\/titilante.com\/producto\/residuo-zero\/\" rel=\"nofollow\">Enlla\u00e7<\/a>\t\t\t\t\t\t\t\t<\/div>\n\t\t\t\t<\/div>\n\t\t\t\t\t<\/div>\n\t\t<\/div>\n\t\t\t\t<div class=\"elementor-column elementor-col-25 elementor-top-column elementor-element elementor-element-5c862a8\" data-id=\"5c862a8\" data-element_type=\"column\" data-e-type=\"column\">\n\t\t\t<div class=\"elementor-widget-wrap elementor-element-populated\">\n\t\t\t\t\t\t<div class=\"elementor-element elementor-element-e5c3419 elementor-widget elementor-widget-image\" data-id=\"e5c3419\" data-element_type=\"widget\" data-e-type=\"widget\" data-widget_type=\"image.default\">\n\t\t\t\t<div class=\"elementor-widget-container\">\n\t\t\t\t\t\t\t\t\t\t\t\t\t\t\t\t<a href=\"https:\/\/vivirsinplastico.com\/hemos-publicado-un-libro\/\">\n\t\t\t\t\t\t\t<img alt=\"\" decoding=\"async\" width=\"349\" height=\"483\" src=\"https:\/\/gozerowaste.es\/wp-content\/uploads\/2023\/01\/40.png\" class=\"attachment-full size-full wp-image-2790\" alt=\"\" srcset=\"https:\/\/gozerowaste.es\/wp-content\/uploads\/2023\/01\/40.png 349w, https:\/\/gozerowaste.es\/wp-content\/uploads\/2023\/01\/40-217x300.png 217w\" sizes=\"(max-width: 349px) 100vw, 349px\" \/>\t\t\t\t\t\t\t\t<\/a>\n\t\t\t\t\t\t\t\t\t\t\t\t\t\t\t<\/div>\n\t\t\t\t<\/div>\n\t\t\t\t<div class=\"elementor-element elementor-element-0689764 elementor-widget elementor-widget-heading\" data-id=\"0689764\" data-element_type=\"widget\" data-e-type=\"widget\" data-widget_type=\"heading.default\">\n\t\t\t\t<div class=\"elementor-widget-container\">\n\t\t\t\t\t<h3 class=\"elementor-heading-title elementor-size-default\">Vivir sin pl\u00e1stico<\/h3>\t\t\t\t<\/div>\n\t\t\t\t<\/div>\n\t\t\t\t<div class=\"elementor-element elementor-element-632f817 elementor-widget elementor-widget-text-editor\" data-id=\"632f817\" data-element_type=\"widget\" data-e-type=\"widget\" data-widget_type=\"text-editor.default\">\n\t\t\t\t<div class=\"elementor-widget-container\">\n\t\t\t\t\t\t\t\t\t<p><a href=\"https:\/\/vivirsinplastico.com\/hemos-publicado-un-libro\/\" rel=\"nofollow\" data-wplink-edit=\"true\">Enlla\u00e7<\/a><\/p>\t\t\t\t\t\t\t\t<\/div>\n\t\t\t\t<\/div>\n\t\t\t\t<div class=\"elementor-element elementor-element-0e350ed elementor-widget elementor-widget-image\" data-id=\"0e350ed\" data-element_type=\"widget\" data-e-type=\"widget\" data-widget_type=\"image.default\">\n\t\t\t\t<div class=\"elementor-widget-container\">\n\t\t\t\t\t\t\t\t\t\t\t\t\t\t\t<img alt=\"\" loading=\"lazy\" decoding=\"async\" width=\"349\" height=\"483\" src=\"https:\/\/gozerowaste.es\/wp-content\/uploads\/2023\/01\/41.png\" class=\"attachment-full size-full wp-image-2793\" alt=\"\" srcset=\"https:\/\/gozerowaste.es\/wp-content\/uploads\/2023\/01\/41.png 349w, https:\/\/gozerowaste.es\/wp-content\/uploads\/2023\/01\/41-217x300.png 217w\" sizes=\"(max-width: 349px) 100vw, 349px\" \/>\t\t\t\t\t\t\t\t\t\t\t\t\t\t\t<\/div>\n\t\t\t\t<\/div>\n\t\t\t\t<div class=\"elementor-element elementor-element-238c23c elementor-widget elementor-widget-heading\" data-id=\"238c23c\" data-element_type=\"widget\" data-e-type=\"widget\" data-widget_type=\"heading.default\">\n\t\t\t\t<div class=\"elementor-widget-container\">\n\t\t\t\t\t<h3 class=\"elementor-heading-title elementor-size-default\">Greenland<\/h3>\t\t\t\t<\/div>\n\t\t\t\t<\/div>\n\t\t\t\t<div class=\"elementor-element elementor-element-b8d50af elementor-widget elementor-widget-text-editor\" data-id=\"b8d50af\" data-element_type=\"widget\" data-e-type=\"widget\" data-widget_type=\"text-editor.default\">\n\t\t\t\t<div class=\"elementor-widget-container\">\n\t\t\t\t\t\t\t\t\t<a href=\"https:\/\/www.casadellibro.com\/libros-ebooks\/susan-kaiser-greenland\/20095366\" rel=\"nofollow\">Enlla\u00e7<\/a>\t\t\t\t\t\t\t\t<\/div>\n\t\t\t\t<\/div>\n\t\t\t\t\t<\/div>\n\t\t<\/div>\n\t\t\t\t<div class=\"elementor-column elementor-col-25 elementor-top-column elementor-element elementor-element-645ed38\" data-id=\"645ed38\" data-element_type=\"column\" data-e-type=\"column\">\n\t\t\t<div class=\"elementor-widget-wrap elementor-element-populated\">\n\t\t\t\t\t\t<div class=\"elementor-element elementor-element-305cc53 elementor-widget elementor-widget-image\" data-id=\"305cc53\" data-element_type=\"widget\" data-e-type=\"widget\" data-widget_type=\"image.default\">\n\t\t\t\t<div class=\"elementor-widget-container\">\n\t\t\t\t\t\t\t\t\t\t\t\t\t\t\t<img alt=\"\" loading=\"lazy\" decoding=\"async\" width=\"349\" height=\"483\" src=\"https:\/\/gozerowaste.es\/wp-content\/uploads\/2023\/01\/39.png\" class=\"attachment-full size-full wp-image-2787\" alt=\"\" srcset=\"https:\/\/gozerowaste.es\/wp-content\/uploads\/2023\/01\/39.png 349w, https:\/\/gozerowaste.es\/wp-content\/uploads\/2023\/01\/39-217x300.png 217w\" sizes=\"(max-width: 349px) 100vw, 349px\" \/>\t\t\t\t\t\t\t\t\t\t\t\t\t\t\t<\/div>\n\t\t\t\t<\/div>\n\t\t\t\t<div class=\"elementor-element elementor-element-bcbc85d elementor-widget elementor-widget-heading\" data-id=\"bcbc85d\" data-element_type=\"widget\" data-e-type=\"widget\" data-widget_type=\"heading.default\">\n\t\t\t\t<div class=\"elementor-widget-container\">\n\t\t\t\t\t<h3 class=\"elementor-heading-title elementor-size-default\">Somos la \u00faltima generaci\u00f3n que puede salvar el planeta<\/h3>\t\t\t\t<\/div>\n\t\t\t\t<\/div>\n\t\t\t\t<div class=\"elementor-element elementor-element-504563b elementor-widget elementor-widget-text-editor\" data-id=\"504563b\" data-element_type=\"widget\" data-e-type=\"widget\" data-widget_type=\"text-editor.default\">\n\t\t\t\t<div class=\"elementor-widget-container\">\n\t\t\t\t\t\t\t\t\t<a href=\"https:\/\/www.penguinlibros.com\/es\/ciencia-tecnologia-y-naturaleza\/21172-ebook-somos-la-ultima-generacion-que-puede-salvar-el-planeta-9788418038631\" rel=\"nofollow\">Enlla\u00e7<\/a>\t\t\t\t\t\t\t\t<\/div>\n\t\t\t\t<\/div>\n\t\t\t\t<div class=\"elementor-element elementor-element-fb26202 elementor-widget elementor-widget-image\" data-id=\"fb26202\" data-element_type=\"widget\" data-e-type=\"widget\" data-widget_type=\"image.default\">\n\t\t\t\t<div class=\"elementor-widget-container\">\n\t\t\t\t\t\t\t\t\t\t\t\t\t\t\t<img alt=\"\" loading=\"lazy\" decoding=\"async\" width=\"349\" height=\"483\" src=\"https:\/\/gozerowaste.es\/wp-content\/uploads\/2023\/01\/35.png\" class=\"attachment-full size-full wp-image-2775\" alt=\"\" srcset=\"https:\/\/gozerowaste.es\/wp-content\/uploads\/2023\/01\/35.png 349w, https:\/\/gozerowaste.es\/wp-content\/uploads\/2023\/01\/35-217x300.png 217w\" sizes=\"(max-width: 349px) 100vw, 349px\" \/>\t\t\t\t\t\t\t\t\t\t\t\t\t\t\t<\/div>\n\t\t\t\t<\/div>\n\t\t\t\t<div class=\"elementor-element elementor-element-05abc15 elementor-widget elementor-widget-heading\" data-id=\"05abc15\" data-element_type=\"widget\" data-e-type=\"widget\" data-widget_type=\"heading.default\">\n\t\t\t\t<div class=\"elementor-widget-container\">\n\t\t\t\t\t<h3 class=\"elementor-heading-title elementor-size-default\">Mejor sin pl\u00e1stico<\/h3>\t\t\t\t<\/div>\n\t\t\t\t<\/div>\n\t\t\t\t<div class=\"elementor-element elementor-element-f54e0c1 elementor-widget elementor-widget-text-editor\" data-id=\"f54e0c1\" data-element_type=\"widget\" data-e-type=\"widget\" data-widget_type=\"text-editor.default\">\n\t\t\t\t<div class=\"elementor-widget-container\">\n\t\t\t\t\t\t\t\t\t<a href=\"https:\/\/www.ecoblognonoa.com\/libro-mejor-sin-plastico-guia-residuo-cero\/\" rel=\"nofollow\">Enlla\u00e7<\/a>\t\t\t\t\t\t\t\t<\/div>\n\t\t\t\t<\/div>\n\t\t\t\t\t<\/div>\n\t\t<\/div>\n\t\t\t\t<div class=\"elementor-column elementor-col-25 elementor-top-column elementor-element elementor-element-e220b49\" data-id=\"e220b49\" data-element_type=\"column\" data-e-type=\"column\">\n\t\t\t<div class=\"elementor-widget-wrap elementor-element-populated\">\n\t\t\t\t\t\t<div class=\"elementor-element elementor-element-fe9a03c elementor-widget elementor-widget-image\" data-id=\"fe9a03c\" data-element_type=\"widget\" data-e-type=\"widget\" data-widget_type=\"image.default\">\n\t\t\t\t<div class=\"elementor-widget-container\">\n\t\t\t\t\t\t\t\t\t\t\t\t\t\t\t<img alt=\"\" loading=\"lazy\" decoding=\"async\" width=\"349\" height=\"483\" src=\"https:\/\/gozerowaste.es\/wp-content\/uploads\/2023\/01\/34.png\" class=\"attachment-full size-full wp-image-2772\" alt=\"\" srcset=\"https:\/\/gozerowaste.es\/wp-content\/uploads\/2023\/01\/34.png 349w, https:\/\/gozerowaste.es\/wp-content\/uploads\/2023\/01\/34-217x300.png 217w\" sizes=\"(max-width: 349px) 100vw, 349px\" \/>\t\t\t\t\t\t\t\t\t\t\t\t\t\t\t<\/div>\n\t\t\t\t<\/div>\n\t\t\t\t<div class=\"elementor-element elementor-element-9daee50 elementor-widget elementor-widget-heading\" data-id=\"9daee50\" data-element_type=\"widget\" data-e-type=\"widget\" data-widget_type=\"heading.default\">\n\t\t\t\t<div class=\"elementor-widget-container\">\n\t\t\t\t\t<h3 class=\"elementor-heading-title elementor-size-default\">Zero Waste para salvar el mundo<\/h3>\t\t\t\t<\/div>\n\t\t\t\t<\/div>\n\t\t\t\t<div class=\"elementor-element elementor-element-924397e elementor-widget elementor-widget-text-editor\" data-id=\"924397e\" data-element_type=\"widget\" data-e-type=\"widget\" data-widget_type=\"text-editor.default\">\n\t\t\t\t<div class=\"elementor-widget-container\">\n\t\t\t\t\t\t\t\t\t<a href=\"https:\/\/www.penguinlibros.com\/es\/tiempo-libre\/28839-ebook-zero-waste-para-salvar-el-mundo-9788417664459\" rel=\"nofollow\">Enlla\u00e7<\/a>\t\t\t\t\t\t\t\t<\/div>\n\t\t\t\t<\/div>\n\t\t\t\t<div class=\"elementor-element elementor-element-e0f7d7d elementor-widget elementor-widget-image\" data-id=\"e0f7d7d\" data-element_type=\"widget\" data-e-type=\"widget\" data-widget_type=\"image.default\">\n\t\t\t\t<div class=\"elementor-widget-container\">\n\t\t\t\t\t\t\t\t\t\t\t\t\t\t\t<img alt=\"\" loading=\"lazy\" decoding=\"async\" width=\"349\" height=\"483\" src=\"https:\/\/gozerowaste.es\/wp-content\/uploads\/2023\/01\/36.png\" class=\"attachment-full size-full wp-image-2778\" alt=\"\" srcset=\"https:\/\/gozerowaste.es\/wp-content\/uploads\/2023\/01\/36.png 349w, https:\/\/gozerowaste.es\/wp-content\/uploads\/2023\/01\/36-217x300.png 217w\" sizes=\"(max-width: 349px) 100vw, 349px\" \/>\t\t\t\t\t\t\t\t\t\t\t\t\t\t\t<\/div>\n\t\t\t\t<\/div>\n\t\t\t\t<div class=\"elementor-element elementor-element-431a366 elementor-widget elementor-widget-heading\" data-id=\"431a366\" data-element_type=\"widget\" data-e-type=\"widget\" data-widget_type=\"heading.default\">\n\t\t\t\t<div class=\"elementor-widget-container\">\n\t\t\t\t\t<h3 class=\"elementor-heading-title elementor-size-default\">Cocina Zero Waste<\/h3>\t\t\t\t<\/div>\n\t\t\t\t<\/div>\n\t\t\t\t<div class=\"elementor-element elementor-element-0db8e1c elementor-widget elementor-widget-text-editor\" data-id=\"0db8e1c\" data-element_type=\"widget\" data-e-type=\"widget\" data-widget_type=\"text-editor.default\">\n\t\t\t\t<div class=\"elementor-widget-container\">\n\t\t\t\t\t\t\t\t\t<a href=\"https:\/\/cocinazerowaste.com\/\" rel=\"nofollow\">Enlla\u00e7<\/a>\t\t\t\t\t\t\t\t<\/div>\n\t\t\t\t<\/div>\n\t\t\t\t<div class=\"elementor-element elementor-element-8cbe934 elementor-widget elementor-widget-image\" data-id=\"8cbe934\" data-element_type=\"widget\" data-e-type=\"widget\" data-widget_type=\"image.default\">\n\t\t\t\t<div class=\"elementor-widget-container\">\n\t\t\t\t\t\t\t\t\t\t\t\t\t\t\t<img alt=\"\" loading=\"lazy\" decoding=\"async\" width=\"349\" height=\"483\" src=\"https:\/\/gozerowaste.es\/wp-content\/uploads\/2023\/01\/38.png\" class=\"attachment-full size-full wp-image-2784\" alt=\"\" srcset=\"https:\/\/gozerowaste.es\/wp-content\/uploads\/2023\/01\/38.png 349w, https:\/\/gozerowaste.es\/wp-content\/uploads\/2023\/01\/38-217x300.png 217w\" sizes=\"(max-width: 349px) 100vw, 349px\" \/>\t\t\t\t\t\t\t\t\t\t\t\t\t\t\t<\/div>\n\t\t\t\t<\/div>\n\t\t\t\t<div class=\"elementor-element elementor-element-07710ad elementor-widget elementor-widget-heading\" data-id=\"07710ad\" data-element_type=\"widget\" data-e-type=\"widget\" data-widget_type=\"heading.default\">\n\t\t\t\t<div class=\"elementor-widget-container\">\n\t\t\t\t\t<h3 class=\"elementor-heading-title elementor-size-default\">No hay planeta B<\/h3>\t\t\t\t<\/div>\n\t\t\t\t<\/div>\n\t\t\t\t<div class=\"elementor-element elementor-element-6e230d9 elementor-widget elementor-widget-text-editor\" data-id=\"6e230d9\" data-element_type=\"widget\" data-e-type=\"widget\" data-widget_type=\"text-editor.default\">\n\t\t\t\t<div class=\"elementor-widget-container\">\n\t\t\t\t\t\t\t\t\t<a href=\"https:\/\/www.casadellibro.com\/libro-no-hay-planeta-b-cuidemos-la-vida-en-la-tierra\/9788448854621\/11405963\" rel=\"nofollow\">Enlla\u00e7<\/a>\t\t\t\t\t\t\t\t<\/div>\n\t\t\t\t<\/div>\n\t\t\t\t\t<\/div>\n\t\t<\/div>\n\t\t\t\t\t<\/div>\n\t\t<\/section>\n\t\t\t\t<\/div>\n\t\t","protected":false},"excerpt":{"rendered":"<p>\ud83d\udcda Llibres Col\u00b7lecci\u00f3 dels llibres que coneixem en catal\u00e0, espanyol i angl\u00e8s sobre residu zero i economia circular.&nbsp; Zero Waste Home Enlla\u00e7 Residuo Cero Enlla\u00e7 Vivir sin pl\u00e1stico Enlla\u00e7 Greenland Enlla\u00e7 Somos la \u00faltima generaci\u00f3n que puede salvar el planeta Enlla\u00e7 Mejor sin pl\u00e1stico Enlla\u00e7 Zero Waste para salvar el mundo Enlla\u00e7 Cocina Zero Waste [&hellip;]<\/p>\n","protected":false},"author":9,"featured_media":1084,"parent":0,"menu_order":0,"comment_status":"closed","ping_status":"closed","template":"","meta":{"_seopress_robots_primary_cat":"0","_seopress_titles_title":"","_seopress_titles_desc":"Els llibres essencials sobre Residu Zero i Economia Circular. Consulta la nostra selecci\u00f3 de lectures clau en catal\u00e0, castell\u00e0 i angl\u00e8s.","_seopress_robots_index":"yes","inline_featured_image":false,"footnotes":""},"class_list":["post-4161","page","type-page","status-publish","has-post-thumbnail","hentry"],"_links":{"self":[{"href":"https:\/\/gozerowaste.es\/ca\/wp-json\/wp\/v2\/pages\/4161","targetHints":{"allow":["GET"]}}],"collection":[{"href":"https:\/\/gozerowaste.es\/ca\/wp-json\/wp\/v2\/pages"}],"about":[{"href":"https:\/\/gozerowaste.es\/ca\/wp-json\/wp\/v2\/types\/page"}],"author":[{"embeddable":true,"href":"https:\/\/gozerowaste.es\/ca\/wp-json\/wp\/v2\/users\/9"}],"replies":[{"embeddable":true,"href":"https:\/\/gozerowaste.es\/ca\/wp-json\/wp\/v2\/comments?post=4161"}],"version-history":[{"count":8,"href":"https:\/\/gozerowaste.es\/ca\/wp-json\/wp\/v2\/pages\/4161\/revisions"}],"predecessor-version":[{"id":20749,"href":"https:\/\/gozerowaste.es\/ca\/wp-json\/wp\/v2\/pages\/4161\/revisions\/20749"}],"wp:featuredmedia":[{"embeddable":true,"href":"https:\/\/gozerowaste.es\/ca\/wp-json\/wp\/v2\/media\/1084"}],"wp:attachment":[{"href":"https:\/\/gozerowaste.es\/ca\/wp-json\/wp\/v2\/media?parent=4161"}],"curies":[{"name":"wp","href":"https:\/\/api.w.org\/{rel}","templated":true}]}}