{"id":4153,"date":"2023-01-22T18:51:23","date_gmt":"2023-01-22T17:51:23","guid":{"rendered":"https:\/\/gozerowaste.es\/recursos-esdeveniments\/"},"modified":"2025-10-30T09:58:22","modified_gmt":"2025-10-30T08:58:22","slug":"recursos-esdeveniments","status":"publish","type":"page","link":"https:\/\/gozerowaste.es\/ca\/recursos-esdeveniments\/","title":{"rendered":"Recursos &#8211; esdeveniments"},"content":{"rendered":"\t\t<div data-elementor-type=\"wp-page\" data-elementor-id=\"4153\" class=\"elementor elementor-4153 elementor-2850\" data-elementor-settings=\"{&quot;ha_cmc_init_switcher&quot;:&quot;no&quot;}\" data-elementor-post-type=\"page\">\n\t\t\t\t\t\t<section class=\"elementor-section elementor-top-section elementor-element elementor-element-2d873c7b elementor-section-height-min-height elementor-section-items-stretch elementor-section-boxed elementor-section-height-default\" data-id=\"2d873c7b\" data-element_type=\"section\" data-e-type=\"section\" data-settings=\"{&quot;_ha_eqh_enable&quot;:false}\">\n\t\t\t\t\t\t<div class=\"elementor-container elementor-column-gap-default\">\n\t\t\t\t\t<div class=\"elementor-column elementor-col-100 elementor-top-column elementor-element elementor-element-297dcf04\" data-id=\"297dcf04\" data-element_type=\"column\" data-e-type=\"column\" data-settings=\"{&quot;background_background&quot;:&quot;classic&quot;}\">\n\t\t\t<div class=\"elementor-widget-wrap elementor-element-populated\">\n\t\t\t\t\t\t<div class=\"elementor-element elementor-element-7db3fe7e elementor-widget__width-auto emoji-badge elementor-widget elementor-widget-text-editor\" data-id=\"7db3fe7e\" data-element_type=\"widget\" data-e-type=\"widget\" data-widget_type=\"text-editor.default\">\n\t\t\t\t<div class=\"elementor-widget-container\">\n\t\t\t\t\t\t\t\t\t<p>\ud83d\udce3<\/p>\n\t\t\t\t\t\t\t\t<\/div>\n\t\t\t\t<\/div>\n\t\t\t\t<div class=\"elementor-element elementor-element-eb0ade0 elementor-widget elementor-widget-heading\" data-id=\"eb0ade0\" data-element_type=\"widget\" data-e-type=\"widget\" data-widget_type=\"heading.default\">\n\t\t\t\t<div class=\"elementor-widget-container\">\n\t\t\t\t\t<h2 class=\"elementor-heading-title elementor-size-default\">Esdeveniments<\/h2>\t\t\t\t<\/div>\n\t\t\t\t<\/div>\n\t\t\t\t<div class=\"elementor-element elementor-element-63e633a4 elementor-widget elementor-widget-text-editor\" data-id=\"63e633a4\" data-element_type=\"widget\" data-e-type=\"widget\" data-widget_type=\"text-editor.default\">\n\t\t\t\t<div class=\"elementor-widget-container\">\n\t\t\t\t\t\t\t\t\t<p>Recull dels esdeveniments que coneixem en catal\u00e0, castell\u00e0 i angl\u00e8s sobre residu zero i economia circular.<\/p>\t\t\t\t\t\t\t\t<\/div>\n\t\t\t\t<\/div>\n\t\t\t\t\t<\/div>\n\t\t<\/div>\n\t\t\t\t\t<\/div>\n\t\t<\/section>\n\t\t\t\t<section class=\"elementor-section elementor-top-section elementor-element elementor-element-5a76acf3 elementor-section-boxed elementor-section-height-default elementor-section-height-default\" data-id=\"5a76acf3\" data-element_type=\"section\" data-e-type=\"section\" data-settings=\"{&quot;_ha_eqh_enable&quot;:false}\">\n\t\t\t\t\t\t<div class=\"elementor-container elementor-column-gap-wide\">\n\t\t\t\t\t<div class=\"elementor-column elementor-col-25 elementor-top-column elementor-element elementor-element-49a45784\" data-id=\"49a45784\" data-element_type=\"column\" data-e-type=\"column\">\n\t\t\t<div class=\"elementor-widget-wrap elementor-element-populated\">\n\t\t\t\t\t\t<div class=\"elementor-element elementor-element-569382df elementor-widget elementor-widget-image\" data-id=\"569382df\" data-element_type=\"widget\" data-e-type=\"widget\" data-widget_type=\"image.default\">\n\t\t\t\t<div class=\"elementor-widget-container\">\n\t\t\t\t\t\t\t\t\t\t\t\t\t\t\t<img alt=\"\" fetchpriority=\"high\" decoding=\"async\" width=\"349\" height=\"483\" src=\"https:\/\/gozerowaste.es\/wp-content\/uploads\/2023\/01\/59.png\" class=\"attachment-full size-full wp-image-2875\" alt=\"\" srcset=\"https:\/\/gozerowaste.es\/wp-content\/uploads\/2023\/01\/59.png 349w, https:\/\/gozerowaste.es\/wp-content\/uploads\/2023\/01\/59-217x300.png 217w\" sizes=\"(max-width: 349px) 100vw, 349px\" \/>\t\t\t\t\t\t\t\t\t\t\t\t\t\t\t<\/div>\n\t\t\t\t<\/div>\n\t\t\t\t<div class=\"elementor-element elementor-element-1544c222 elementor-widget elementor-widget-heading\" data-id=\"1544c222\" data-element_type=\"widget\" data-e-type=\"widget\" data-widget_type=\"heading.default\">\n\t\t\t\t<div class=\"elementor-widget-container\">\n\t\t\t\t\t<h3 class=\"elementor-heading-title elementor-size-default\">Loop<\/h3>\t\t\t\t<\/div>\n\t\t\t\t<\/div>\n\t\t\t\t<div class=\"elementor-element elementor-element-e79a30b elementor-widget elementor-widget-text-editor\" data-id=\"e79a30b\" data-element_type=\"widget\" data-e-type=\"widget\" data-widget_type=\"text-editor.default\">\n\t\t\t\t<div class=\"elementor-widget-container\">\n\t\t\t\t\t\t\t\t\t<p><a href=\"https:\/\/evc.cat\/\">Enlla\u00e7<\/a><\/p>\t\t\t\t\t\t\t\t<\/div>\n\t\t\t\t<\/div>\n\t\t\t\t<div class=\"elementor-element elementor-element-40fc1c0 elementor-widget elementor-widget-spacer\" data-id=\"40fc1c0\" data-element_type=\"widget\" data-e-type=\"widget\" data-widget_type=\"spacer.default\">\n\t\t\t\t<div class=\"elementor-widget-container\">\n\t\t\t\t\t\t\t<div class=\"elementor-spacer\">\n\t\t\t<div class=\"elementor-spacer-inner\"><\/div>\n\t\t<\/div>\n\t\t\t\t\t\t<\/div>\n\t\t\t\t<\/div>\n\t\t\t\t<div class=\"elementor-element elementor-element-1d80638e elementor-widget elementor-widget-image\" data-id=\"1d80638e\" data-element_type=\"widget\" data-e-type=\"widget\" data-widget_type=\"image.default\">\n\t\t\t\t<div class=\"elementor-widget-container\">\n\t\t\t\t\t\t\t\t\t\t\t\t\t\t\t<img alt=\"\" decoding=\"async\" width=\"349\" height=\"483\" src=\"https:\/\/gozerowaste.es\/wp-content\/uploads\/2023\/01\/58.png\" class=\"attachment-full size-full wp-image-2872\" alt=\"\" srcset=\"https:\/\/gozerowaste.es\/wp-content\/uploads\/2023\/01\/58.png 349w, https:\/\/gozerowaste.es\/wp-content\/uploads\/2023\/01\/58-217x300.png 217w\" sizes=\"(max-width: 349px) 100vw, 349px\" \/>\t\t\t\t\t\t\t\t\t\t\t\t\t\t\t<\/div>\n\t\t\t\t<\/div>\n\t\t\t\t<div class=\"elementor-element elementor-element-156a6609 elementor-widget elementor-widget-heading\" data-id=\"156a6609\" data-element_type=\"widget\" data-e-type=\"widget\" data-widget_type=\"heading.default\">\n\t\t\t\t<div class=\"elementor-widget-container\">\n\t\t\t\t\t<h3 class=\"elementor-heading-title elementor-size-default\">GreenCities<\/h3>\t\t\t\t<\/div>\n\t\t\t\t<\/div>\n\t\t\t\t<div class=\"elementor-element elementor-element-369ddb44 elementor-widget elementor-widget-text-editor\" data-id=\"369ddb44\" data-element_type=\"widget\" data-e-type=\"widget\" data-widget_type=\"text-editor.default\">\n\t\t\t\t<div class=\"elementor-widget-container\">\n\t\t\t\t\t\t\t\t\t<p><a href=\"https:\/\/greencities.fycma.com\/?lang=en\">Enlla\u00e7<\/a><\/p>\n\t\t\t\t\t\t\t\t<\/div>\n\t\t\t\t<\/div>\n\t\t\t\t\t<\/div>\n\t\t<\/div>\n\t\t\t\t<div class=\"elementor-column elementor-col-25 elementor-top-column elementor-element elementor-element-199c92ef\" data-id=\"199c92ef\" data-element_type=\"column\" data-e-type=\"column\">\n\t\t\t<div class=\"elementor-widget-wrap elementor-element-populated\">\n\t\t\t\t\t\t<div class=\"elementor-element elementor-element-5b7059c8 elementor-widget elementor-widget-image\" data-id=\"5b7059c8\" data-element_type=\"widget\" data-e-type=\"widget\" data-widget_type=\"image.default\">\n\t\t\t\t<div class=\"elementor-widget-container\">\n\t\t\t\t\t\t\t\t\t\t\t\t\t\t\t<img alt=\"\" decoding=\"async\" width=\"349\" height=\"483\" src=\"https:\/\/gozerowaste.es\/wp-content\/uploads\/2023\/01\/55.png\" class=\"attachment-full size-full wp-image-2863\" alt=\"\" srcset=\"https:\/\/gozerowaste.es\/wp-content\/uploads\/2023\/01\/55.png 349w, https:\/\/gozerowaste.es\/wp-content\/uploads\/2023\/01\/55-217x300.png 217w\" sizes=\"(max-width: 349px) 100vw, 349px\" \/>\t\t\t\t\t\t\t\t\t\t\t\t\t\t\t<\/div>\n\t\t\t\t<\/div>\n\t\t\t\t<div class=\"elementor-element elementor-element-4daeab77 elementor-widget elementor-widget-heading\" data-id=\"4daeab77\" data-element_type=\"widget\" data-e-type=\"widget\" data-widget_type=\"heading.default\">\n\t\t\t\t<div class=\"elementor-widget-container\">\n\t\t\t\t\t<h3 class=\"elementor-heading-title elementor-size-default\">Fira d'Economia Verda i Circular<\/h3>\t\t\t\t<\/div>\n\t\t\t\t<\/div>\n\t\t\t\t<div class=\"elementor-element elementor-element-7c3cfe0 elementor-widget elementor-widget-text-editor\" data-id=\"7c3cfe0\" data-element_type=\"widget\" data-e-type=\"widget\" data-widget_type=\"text-editor.default\">\n\t\t\t\t<div class=\"elementor-widget-container\">\n\t\t\t\t\t\t\t\t\t<p><a href=\"https:\/\/evc.cat\/\">Enlla\u00e7<\/a><\/p>\n\t\t\t\t\t\t\t\t<\/div>\n\t\t\t\t<\/div>\n\t\t\t\t<div class=\"elementor-element elementor-element-143590b0 elementor-widget elementor-widget-image\" data-id=\"143590b0\" data-element_type=\"widget\" data-e-type=\"widget\" data-widget_type=\"image.default\">\n\t\t\t\t<div class=\"elementor-widget-container\">\n\t\t\t\t\t\t\t\t\t\t\t\t\t\t\t<img alt=\"\" loading=\"lazy\" decoding=\"async\" width=\"349\" height=\"483\" src=\"https:\/\/gozerowaste.es\/wp-content\/uploads\/2023\/01\/54-1.png\" class=\"attachment-full size-full wp-image-2860\" alt=\"\" srcset=\"https:\/\/gozerowaste.es\/wp-content\/uploads\/2023\/01\/54-1.png 349w, https:\/\/gozerowaste.es\/wp-content\/uploads\/2023\/01\/54-1-217x300.png 217w\" sizes=\"(max-width: 349px) 100vw, 349px\" \/>\t\t\t\t\t\t\t\t\t\t\t\t\t\t\t<\/div>\n\t\t\t\t<\/div>\n\t\t\t\t<div class=\"elementor-element elementor-element-6a163075 elementor-widget elementor-widget-heading\" data-id=\"6a163075\" data-element_type=\"widget\" data-e-type=\"widget\" data-widget_type=\"heading.default\">\n\t\t\t\t<div class=\"elementor-widget-container\">\n\t\t\t\t\t<h3 class=\"elementor-heading-title elementor-size-default\">Tornem<\/h3>\t\t\t\t<\/div>\n\t\t\t\t<\/div>\n\t\t\t\t<div class=\"elementor-element elementor-element-9cd8cba elementor-widget elementor-widget-text-editor\" data-id=\"9cd8cba\" data-element_type=\"widget\" data-e-type=\"widget\" data-widget_type=\"text-editor.default\">\n\t\t\t\t<div class=\"elementor-widget-container\">\n\t\t\t\t\t\t\t\t\t<p><a href=\"https:\/\/tornem.es\/\">Enlla\u00e7<\/a><\/p>\n\t\t\t\t\t\t\t\t<\/div>\n\t\t\t\t<\/div>\n\t\t\t\t\t<\/div>\n\t\t<\/div>\n\t\t\t\t<div class=\"elementor-column elementor-col-25 elementor-top-column elementor-element elementor-element-37f11c3c\" data-id=\"37f11c3c\" data-element_type=\"column\" data-e-type=\"column\">\n\t\t\t<div class=\"elementor-widget-wrap elementor-element-populated\">\n\t\t\t\t\t\t<div class=\"elementor-element elementor-element-5ac10ed5 elementor-widget elementor-widget-image\" data-id=\"5ac10ed5\" data-element_type=\"widget\" data-e-type=\"widget\" data-widget_type=\"image.default\">\n\t\t\t\t<div class=\"elementor-widget-container\">\n\t\t\t\t\t\t\t\t\t\t\t\t\t\t\t<img alt=\"\" loading=\"lazy\" decoding=\"async\" width=\"349\" height=\"483\" src=\"https:\/\/gozerowaste.es\/wp-content\/uploads\/2023\/01\/56.png\" class=\"attachment-full size-full wp-image-2866\" alt=\"\" srcset=\"https:\/\/gozerowaste.es\/wp-content\/uploads\/2023\/01\/56.png 349w, https:\/\/gozerowaste.es\/wp-content\/uploads\/2023\/01\/56-217x300.png 217w\" sizes=\"(max-width: 349px) 100vw, 349px\" \/>\t\t\t\t\t\t\t\t\t\t\t\t\t\t\t<\/div>\n\t\t\t\t<\/div>\n\t\t\t\t<div class=\"elementor-element elementor-element-7943e789 elementor-widget elementor-widget-heading\" data-id=\"7943e789\" data-element_type=\"widget\" data-e-type=\"widget\" data-widget_type=\"heading.default\">\n\t\t\t\t<div class=\"elementor-widget-container\">\n\t\t\t\t\t<h3 class=\"elementor-heading-title elementor-size-default\">Ecoviure<\/h3>\t\t\t\t<\/div>\n\t\t\t\t<\/div>\n\t\t\t\t<div class=\"elementor-element elementor-element-3cb7ab93 elementor-widget elementor-widget-text-editor\" data-id=\"3cb7ab93\" data-element_type=\"widget\" data-e-type=\"widget\" data-widget_type=\"text-editor.default\">\n\t\t\t\t<div class=\"elementor-widget-container\">\n\t\t\t\t\t\t\t\t\t<p><a href=\"#\" data-wplink-edit=\"true\">Enlla\u00e7<\/a><\/p>\n\t\t\t\t\t\t\t\t<\/div>\n\t\t\t\t<\/div>\n\t\t\t\t<div class=\"elementor-element elementor-element-6eaac2c7 elementor-widget elementor-widget-image\" data-id=\"6eaac2c7\" data-element_type=\"widget\" data-e-type=\"widget\" data-widget_type=\"image.default\">\n\t\t\t\t<div class=\"elementor-widget-container\">\n\t\t\t\t\t\t\t\t\t\t\t\t\t\t\t<img alt=\"\" loading=\"lazy\" decoding=\"async\" width=\"349\" height=\"483\" src=\"https:\/\/gozerowaste.es\/wp-content\/uploads\/2023\/01\/57.png\" class=\"attachment-full size-full wp-image-2869\" alt=\"\" srcset=\"https:\/\/gozerowaste.es\/wp-content\/uploads\/2023\/01\/57.png 349w, https:\/\/gozerowaste.es\/wp-content\/uploads\/2023\/01\/57-217x300.png 217w\" sizes=\"(max-width: 349px) 100vw, 349px\" \/>\t\t\t\t\t\t\t\t\t\t\t\t\t\t\t<\/div>\n\t\t\t\t<\/div>\n\t\t\t\t<div class=\"elementor-element elementor-element-24d3e4ba elementor-widget elementor-widget-heading\" data-id=\"24d3e4ba\" data-element_type=\"widget\" data-e-type=\"widget\" data-widget_type=\"heading.default\">\n\t\t\t\t<div class=\"elementor-widget-container\">\n\t\t\t\t\t<h3 class=\"elementor-heading-title elementor-size-default\">Tomorrow City<\/h3>\t\t\t\t<\/div>\n\t\t\t\t<\/div>\n\t\t\t\t<div class=\"elementor-element elementor-element-61926dfa elementor-widget elementor-widget-text-editor\" data-id=\"61926dfa\" data-element_type=\"widget\" data-e-type=\"widget\" data-widget_type=\"text-editor.default\">\n\t\t\t\t<div class=\"elementor-widget-container\">\n\t\t\t\t\t\t\t\t\t<p><a href=\"https:\/\/www.tomorrowmobility.com\/\">Enlla\u00e7<\/a><\/p>\n\t\t\t\t\t\t\t\t<\/div>\n\t\t\t\t<\/div>\n\t\t\t\t\t<\/div>\n\t\t<\/div>\n\t\t\t\t<div class=\"elementor-column elementor-col-25 elementor-top-column elementor-element elementor-element-dc9a96e\" data-id=\"dc9a96e\" data-element_type=\"column\" data-e-type=\"column\">\n\t\t\t<div class=\"elementor-widget-wrap elementor-element-populated\">\n\t\t\t\t\t\t<div class=\"elementor-element elementor-element-3945c5b5 elementor-widget elementor-widget-image\" data-id=\"3945c5b5\" data-element_type=\"widget\" data-e-type=\"widget\" data-widget_type=\"image.default\">\n\t\t\t\t<div class=\"elementor-widget-container\">\n\t\t\t\t\t\t\t\t\t\t\t\t\t\t\t<img alt=\"\" loading=\"lazy\" decoding=\"async\" width=\"349\" height=\"483\" src=\"https:\/\/gozerowaste.es\/wp-content\/uploads\/2023\/01\/61.png\" class=\"attachment-full size-full wp-image-2884\" alt=\"\" srcset=\"https:\/\/gozerowaste.es\/wp-content\/uploads\/2023\/01\/61.png 349w, https:\/\/gozerowaste.es\/wp-content\/uploads\/2023\/01\/61-217x300.png 217w\" sizes=\"(max-width: 349px) 100vw, 349px\" \/>\t\t\t\t\t\t\t\t\t\t\t\t\t\t\t<\/div>\n\t\t\t\t<\/div>\n\t\t\t\t<div class=\"elementor-element elementor-element-3bef2833 elementor-widget elementor-widget-heading\" data-id=\"3bef2833\" data-element_type=\"widget\" data-e-type=\"widget\" data-widget_type=\"heading.default\">\n\t\t\t\t<div class=\"elementor-widget-container\">\n\t\t\t\t\t<h3 class=\"elementor-heading-title elementor-size-default\">Tecma<\/h3>\t\t\t\t<\/div>\n\t\t\t\t<\/div>\n\t\t\t\t<div class=\"elementor-element elementor-element-5ade43ea elementor-widget elementor-widget-text-editor\" data-id=\"5ade43ea\" data-element_type=\"widget\" data-e-type=\"widget\" data-widget_type=\"text-editor.default\">\n\t\t\t\t<div class=\"elementor-widget-container\">\n\t\t\t\t\t\t\t\t\t<p><a href=\"https:\/\/www.ifema.es\/tecma\">Enlla\u00e7<\/a><\/p>\n\t\t\t\t\t\t\t\t<\/div>\n\t\t\t\t<\/div>\n\t\t\t\t<div class=\"elementor-element elementor-element-507d68d3 elementor-widget elementor-widget-image\" data-id=\"507d68d3\" data-element_type=\"widget\" data-e-type=\"widget\" data-widget_type=\"image.default\">\n\t\t\t\t<div class=\"elementor-widget-container\">\n\t\t\t\t\t\t\t\t\t\t\t\t\t\t\t<img alt=\"\" loading=\"lazy\" decoding=\"async\" width=\"349\" height=\"483\" src=\"https:\/\/gozerowaste.es\/wp-content\/uploads\/2023\/01\/62.png\" class=\"attachment-full size-full wp-image-2887\" alt=\"\" srcset=\"https:\/\/gozerowaste.es\/wp-content\/uploads\/2023\/01\/62.png 349w, https:\/\/gozerowaste.es\/wp-content\/uploads\/2023\/01\/62-217x300.png 217w\" sizes=\"(max-width: 349px) 100vw, 349px\" \/>\t\t\t\t\t\t\t\t\t\t\t\t\t\t\t<\/div>\n\t\t\t\t<\/div>\n\t\t\t\t<div class=\"elementor-element elementor-element-35a9543f elementor-widget elementor-widget-heading\" data-id=\"35a9543f\" data-element_type=\"widget\" data-e-type=\"widget\" data-widget_type=\"heading.default\">\n\t\t\t\t<div class=\"elementor-widget-container\">\n\t\t\t\t\t<h3 class=\"elementor-heading-title elementor-size-default\">Basque Circular Summit<\/h3>\t\t\t\t<\/div>\n\t\t\t\t<\/div>\n\t\t\t\t<div class=\"elementor-element elementor-element-7ae558b5 elementor-widget elementor-widget-text-editor\" data-id=\"7ae558b5\" data-element_type=\"widget\" data-e-type=\"widget\" data-widget_type=\"text-editor.default\">\n\t\t\t\t<div class=\"elementor-widget-container\">\n\t\t\t\t\t\t\t\t\t<p><a href=\"https:\/\/basquecircularsummit.eus\/\">Enlla\u00e7<\/a><\/p>\n\t\t\t\t\t\t\t\t<\/div>\n\t\t\t\t<\/div>\n\t\t\t\t<div class=\"elementor-element elementor-element-317b70ce elementor-widget elementor-widget-image\" data-id=\"317b70ce\" data-element_type=\"widget\" data-e-type=\"widget\" data-widget_type=\"image.default\">\n\t\t\t\t<div class=\"elementor-widget-container\">\n\t\t\t\t\t\t\t\t\t\t\t\t\t\t\t<img alt=\"\" loading=\"lazy\" decoding=\"async\" width=\"349\" height=\"483\" src=\"https:\/\/gozerowaste.es\/wp-content\/uploads\/2023\/01\/63.png\" class=\"attachment-full size-full wp-image-2890\" alt=\"\" srcset=\"https:\/\/gozerowaste.es\/wp-content\/uploads\/2023\/01\/63.png 349w, https:\/\/gozerowaste.es\/wp-content\/uploads\/2023\/01\/63-217x300.png 217w\" sizes=\"(max-width: 349px) 100vw, 349px\" \/>\t\t\t\t\t\t\t\t\t\t\t\t\t\t\t<\/div>\n\t\t\t\t<\/div>\n\t\t\t\t<div class=\"elementor-element elementor-element-515007c6 elementor-widget elementor-widget-heading\" data-id=\"515007c6\" data-element_type=\"widget\" data-e-type=\"widget\" data-widget_type=\"heading.default\">\n\t\t\t\t<div class=\"elementor-widget-container\">\n\t\t\t\t\t<h3 class=\"elementor-heading-title elementor-size-default\">Waste Managment Europe<\/h3>\t\t\t\t<\/div>\n\t\t\t\t<\/div>\n\t\t\t\t<div class=\"elementor-element elementor-element-3bc96a23 elementor-widget elementor-widget-text-editor\" data-id=\"3bc96a23\" data-element_type=\"widget\" data-e-type=\"widget\" data-widget_type=\"text-editor.default\">\n\t\t\t\t<div class=\"elementor-widget-container\">\n\t\t\t\t\t\t\t\t\t<p><a href=\"https:\/\/wme-expo.com\/?gclid=CjwKCAiA2rOeBhAsEiwA2Pl7Q0YtdcbB1LI6yWZ7JTMA0braz6UfN-CybCZ1yf_c2_IDtZfdUK27mBoCWScQAvD_BwE\">Enlla\u00e7<\/a><\/p>\n\t\t\t\t\t\t\t\t<\/div>\n\t\t\t\t<\/div>\n\t\t\t\t\t<\/div>\n\t\t<\/div>\n\t\t\t\t\t<\/div>\n\t\t<\/section>\n\t\t\t\t<\/div>\n\t\t","protected":false},"excerpt":{"rendered":"<p>\ud83d\udce3 Esdeveniments Recull dels esdeveniments que coneixem en catal\u00e0, castell\u00e0 i angl\u00e8s sobre residu zero i economia circular. Loop Enlla\u00e7 GreenCities Enlla\u00e7 Fira d&#8217;Economia Verda i Circular Enlla\u00e7 Tornem Enlla\u00e7 Ecoviure Enlla\u00e7 Tomorrow City Enlla\u00e7 Tecma Enlla\u00e7 Basque Circular Summit Enlla\u00e7 Waste Managment Europe Enlla\u00e7<\/p>\n","protected":false},"author":3,"featured_media":0,"parent":0,"menu_order":0,"comment_status":"closed","ping_status":"closed","template":"","meta":{"_seopress_robots_primary_cat":"0","_seopress_titles_title":"","_seopress_titles_desc":"","_seopress_robots_index":"yes","inline_featured_image":false,"footnotes":""},"class_list":["post-4153","page","type-page","status-publish","hentry"],"_links":{"self":[{"href":"https:\/\/gozerowaste.es\/ca\/wp-json\/wp\/v2\/pages\/4153","targetHints":{"allow":["GET"]}}],"collection":[{"href":"https:\/\/gozerowaste.es\/ca\/wp-json\/wp\/v2\/pages"}],"about":[{"href":"https:\/\/gozerowaste.es\/ca\/wp-json\/wp\/v2\/types\/page"}],"author":[{"embeddable":true,"href":"https:\/\/gozerowaste.es\/ca\/wp-json\/wp\/v2\/users\/3"}],"replies":[{"embeddable":true,"href":"https:\/\/gozerowaste.es\/ca\/wp-json\/wp\/v2\/comments?post=4153"}],"version-history":[{"count":15,"href":"https:\/\/gozerowaste.es\/ca\/wp-json\/wp\/v2\/pages\/4153\/revisions"}],"predecessor-version":[{"id":20769,"href":"https:\/\/gozerowaste.es\/ca\/wp-json\/wp\/v2\/pages\/4153\/revisions\/20769"}],"wp:attachment":[{"href":"https:\/\/gozerowaste.es\/ca\/wp-json\/wp\/v2\/media?parent=4153"}],"curies":[{"name":"wp","href":"https:\/\/api.w.org\/{rel}","templated":true}]}}